{"id":140,"date":"2022-05-03T09:54:20","date_gmt":"2022-05-03T09:54:20","guid":{"rendered":"https:\/\/www.reparaexpress.es\/tienda\/?page_id=140"},"modified":"2022-05-03T09:57:05","modified_gmt":"2022-05-03T09:57:05","slug":"politica-de-privacidad","status":"publish","type":"page","link":"https:\/\/www.reparaexpress.es\/tienda\/politica-de-privacidad\/","title":{"rendered":"Pol\u00edtica de privacidad"},"content":{"rendered":"\n<h2 class=\"wp-block-heading\">Qui\u00e9nes somos<\/h2>\n\n\n\n<p><strong class=\"privacy-policy-tutorial\"> <\/strong>La direcci\u00f3n de nuestra web es: https:\/\/www.reparaexpress.es\/tienda.<\/p>\n\n\n\n<h2 class=\"wp-block-heading\">Datos del responsable del tratamiento:<\/h2>\n\n\n\n<p>Identidad: Manuel Paisano Carrascal &#8211; NIF: 27300509s&nbsp;<\/p>\n\n\n\n<p>Direcci\u00f3n postal: Av. Dolores Ibarruri,3 Local 6<\/p>\n\n\n\n<p>Tel\u00e9fono: 640113464 &#8211; Correo electr\u00f3nico: info@repaarexpress.es<\/p>\n\n\n\n<p>En reparaexpress.es tratamos la informaci\u00f3n que nos facilita con el fin de prestarles el servicio solicitado y realizar su facturaci\u00f3n. Los datos proporcionados se conservar\u00e1n mientras se mantenga la relaci\u00f3n comercial o durante el tiempo necesario para cumplir con las obligaciones legales y atender las posibles responsabilidades que pudieran derivar del cumplimiento de la finalidad para la que los datos fueron recabados. Los datos no se ceder\u00e1n a terceros salvo en los casos en que exista una obligaci\u00f3n legal. Usted tiene derecho a obtener informaci\u00f3n sobre si en reparaexpress.es  estamos tratando sus datos personales, por lo que puede ejercer sus derechos de acceso, rectificaci\u00f3n, supresi\u00f3n y portabilidad de datos y oposici\u00f3n y limitaci\u00f3n a su tratamiento ante Manuel Paisano Carrascal, Av. Dolores Ibarruri,3 Local 6 o en la direcci\u00f3n de correo electr\u00f3nico info@reparaexpress.es, adjuntando copia de su DNI o documento equivalente.\u00a0 Asimismo, y especialmente si considera que no ha obtenido satisfacci\u00f3n plena en el ejercicio de sus derechos, podr\u00e1 presentar una reclamaci\u00f3n ante la autoridad nacional de control dirigi\u00e9ndose a estos efectos a la Agencia Espa\u00f1ola de Protecci\u00f3n de Datos, C\/ Jorge Juan, 6 \u2013 28001 Madrid..<\/p>\n\n\n\n<h2 class=\"wp-block-heading\">Finalidad<\/h2>\n\n\n\n<p><strong class=\"privacy-policy-tutorial\">Los datos que usted facilita a reparaexpress.es tienen como finalidad gestionar su solicitud, facilitarle la informaci\u00f3n y\/o servicios que solicite y poder ofrecerle nuevos servicios.<\/strong><\/p>\n\n\n\n<h2 class=\"wp-block-heading\">Cookies<\/h2>\n\n\n\n<p><strong class=\"privacy-policy-tutorial\">En la Pol\u00edtica de Cookies le informamos que la web reparaexpress.es cuenta con Cookies en favor de dar m\u00e1s valida en sus servicios. Por favor consulte el apartado de Privacidad y Cookies.<\/strong><\/p>\n\n\n\n<p><strong>Manuel Paisano carrascal<\/strong>\u00a0en el cumplimiento de la normativa espa\u00f1ola de protecci\u00f3n de datos de car\u00e1cter personal, garantiza el cumplimiento \u00edntegro de las obligaciones dispuestas, as\u00ed como la implementaci\u00f3n de las medidas de seguridad dispuestas en la vigente Ley de Protecci\u00f3n de Datos de Car\u00e1cter Personal (Ley 15\/1999LOPD) y nuevo Reglamento Europeo (UE) 2016\/679.<\/p>\n\n\n\n<p>Para m\u00e1s informaci\u00f3n sobre el tratamiento de sus datos\u00a0<strong>es importante que lea y conozca la Pol\u00edtica de Seguridad y de Cookies de esta web<\/strong>.<\/p>\n\n\n\n<p>Si tienes una cuenta y te conectas a este sitio, instalaremos una cookie temporal para determinar si tu navegador acepta cookies. Esta cookie no contiene datos personales y se elimina al cerrar el navegador.<\/p>\n\n\n\n<p>Recabamos datos de car\u00e1cter personal mediante los formularios de contacto, aplicaciones de empleo y bolet\u00edn de noticias en cualquiera de la presente web..<\/p>\n\n\n\n<p>En dichos formularios\u00a0<strong>Manuel paisano carrascal<\/strong>\u00a0har\u00e1 saber al usuario de la existencia y aceptaci\u00f3n de la Pol\u00edtica de Privacidad, inform\u00e1ndole de la identidad del Responsable de Seguridad, su direcci\u00f3n, la posibilidad de ejercer sus derechos de acceso, rectificaci\u00f3n, limitaci\u00f3n, portabilidad, cancelaci\u00f3n u oposici\u00f3n, la finalidad del tratamiento y las comunicaciones de datos a terceros en su caso.<\/p>\n\n\n\n<h2 class=\"wp-block-heading\">CONDICIONES DE USO<\/h2>\n\n\n\n<p> Como ya venimos anunciando, lo contenido en el presente aviso legal y condiciones de uso, tiene una figura jur\u00eddica de\u00a0<strong>CONTRATO<\/strong>.<\/p>\n\n\n\n<p>La navegaci\u00f3n en este sitio web le atribuye, desde el comienzo, la condici\u00f3n de usuario y ser\u00e1 considerada aceptaci\u00f3n expresa, voluntaria y sin reservas. Si decide no aceptar las presentes condiciones deber\u00e1 abstenerse de acceder y\/o utilizar los contenidos y servicios ofrecidos por reparaexpress.es en esta web.<\/p>\n\n\n\n<p>Puede confiar en la legalidad de esta web. Todos los textos legales de reparaexpress.es han sido redactados por abogados y profesionales expertos en derecho, en cumplimiento legal de las reglas comunes a todos los pa\u00edses de la UE y est\u00e1ndar de calidad en relaci\u00f3n con los consumidores y el marco europeo de gesti\u00f3n de reclamaciones de consumo.<\/p>\n\n\n\n<p>Estas web pueden recopilar datos sobre ti, utilizar cookies, incrustar un seguimiento adicional de terceros, y supervisar tu interacci\u00f3n con ese contenido incrustado, incluido el seguimiento de tu interacci\u00f3n con el contenido incrustado si tienes una cuenta y est\u00e1s conectado a esa web.<\/p>\n\n\n\n<h2 class=\"wp-block-heading\">Con qui\u00e9n compartimos tus datos<\/h2>\n\n\n\n<p><strong class=\"privacy-policy-tutorial\">No compartimos los datos con ninguna empresa ni persona<\/strong><\/p>\n\n\n\n<h2 class=\"wp-block-heading\">Cu\u00e1nto tiempo conservamos tus datos<\/h2>\n\n\n\n<p><strong class=\"privacy-policy-tutorial\"> <\/strong>Si dejas un comentario, el comentario y sus metadatos se conservan indefinidamente. Esto es para que podamos reconocer y aprobar comentarios sucesivos autom\u00e1ticamente, en lugar de mantenerlos en una cola de moderaci\u00f3n.<\/p>\n\n\n\n<p>De los usuarios que se registran en nuestra web (si los hay), tambi\u00e9n almacenamos la informaci\u00f3n personal que proporcionan en su perfil de usuario. Todos los usuarios pueden ver, editar o eliminar su informaci\u00f3n personal en cualquier momento (excepto que no pueden cambiar su nombre de usuario). Los administradores de la web tambi\u00e9n pueden ver y editar esa informaci\u00f3n.<\/p>\n\n\n\n<h2 class=\"wp-block-heading\">Qu\u00e9 derechos tienes sobre tus datos<\/h2>\n\n\n\n<p><strong class=\"privacy-policy-tutorial\"> <\/strong>Si tienes una cuenta o has dejado comentarios en esta web, puedes solicitar recibir un archivo de exportaci\u00f3n de los datos personales que tenemos sobre ti, incluyendo cualquier dato que nos hayas proporcionado. Tambi\u00e9n puedes solicitar que eliminemos cualquier dato personal que tengamos sobre ti. Esto no incluye ning\u00fan dato que estemos obligados a conservar con fines administrativos, legales o de seguridad.<\/p>\n\n\n\n<h2 class=\"wp-block-heading\">D\u00f3nde enviamos tus datos<\/h2>\n\n\n\n<p><strong class=\"privacy-policy-tutorial\"> <\/strong>Los comentarios de los visitantes puede que los revise un servicio de detecci\u00f3n autom\u00e1tica de spam.<\/p>\n","protected":false},"excerpt":{"rendered":"<p>Qui\u00e9nes somos La direcci\u00f3n de nuestra web es: https:\/\/www.reparaexpress.es\/tienda. Datos del responsable del tratamiento: Identidad: Manuel Paisano Carrascal &#8211; NIF: 27300509s&nbsp; Direcci\u00f3n postal: Av. Dolores Ibarruri,3 Local 6 Tel\u00e9fono: 640113464 &#8211; Correo electr\u00f3nico: info@repaarexpress.es En reparaexpress.es tratamos la informaci\u00f3n que nos facilita con el fin de prestarles el servicio solicitado y realizar su facturaci\u00f3n. Los [&hellip;]<\/p>\n","protected":false},"author":1,"featured_media":0,"parent":0,"menu_order":0,"comment_status":"closed","ping_status":"closed","template":"","meta":{"_joinchat":[],"footnotes":""},"class_list":["post-140","page","type-page","status-publish","hentry"],"jetpack_sharing_enabled":true,"_links":{"self":[{"href":"https:\/\/www.reparaexpress.es\/tienda\/wp-json\/wp\/v2\/pages\/140","targetHints":{"allow":["GET"]}}],"collection":[{"href":"https:\/\/www.reparaexpress.es\/tienda\/wp-json\/wp\/v2\/pages"}],"about":[{"href":"https:\/\/www.reparaexpress.es\/tienda\/wp-json\/wp\/v2\/types\/page"}],"author":[{"embeddable":true,"href":"https:\/\/www.reparaexpress.es\/tienda\/wp-json\/wp\/v2\/users\/1"}],"replies":[{"embeddable":true,"href":"https:\/\/www.reparaexpress.es\/tienda\/wp-json\/wp\/v2\/comments?post=140"}],"version-history":[{"count":5,"href":"https:\/\/www.reparaexpress.es\/tienda\/wp-json\/wp\/v2\/pages\/140\/revisions"}],"predecessor-version":[{"id":146,"href":"https:\/\/www.reparaexpress.es\/tienda\/wp-json\/wp\/v2\/pages\/140\/revisions\/146"}],"wp:attachment":[{"href":"https:\/\/www.reparaexpress.es\/tienda\/wp-json\/wp\/v2\/media?parent=140"}],"curies":[{"name":"wp","href":"https:\/\/api.w.org\/{rel}","templated":true}]}}