{"id":148,"date":"2022-05-03T10:10:46","date_gmt":"2022-05-03T10:10:46","guid":{"rendered":"https:\/\/www.reparaexpress.es\/tienda\/?page_id=148"},"modified":"2022-05-10T17:51:26","modified_gmt":"2022-05-10T17:51:26","slug":"garantias","status":"publish","type":"page","link":"https:\/\/www.reparaexpress.es\/tienda\/garantias\/","title":{"rendered":"Garant\u00edas"},"content":{"rendered":"\n<h2 class=\"wp-block-heading\">Garant\u00eda y RMA<\/h2>\n\n\n\n<p>Todas nuestras reparaciones tienen 3 meses de garant\u00eda, en ning\u00fan caso quedar\u00e1 incluido en garant\u00eda cualquier otra aver\u00eda o problema diferente al de la reparaci\u00f3n realizada. Excepto que se indique lo contrario. Las aver\u00edas intermitentes que no puedan ser detectadas por nuestros t\u00e9cnicos por su car\u00e1cter intermitente o que se dan solo en determinadas situaciones, deber\u00e1n ser comunicadas. Si no es as\u00ed, tambi\u00e9n estan exentas de garant\u00eda. Si dentro del plazo de 3 meses usted detecta que la aver\u00eda persiste o la pieza sustituida falla, debera ponerse en contacto con nosotros mediante el email info@reparaexpress.es o telefono, 640113464 antes de que finalice el plazo de garant\u00eda.  En el caso de que la aver\u00eda no corresponda con la reparaci\u00f3n realizada o se detecte mala manipulaci\u00f3n por parte del cliente, quedar\u00e1 exenta de garant\u00eda y se tratar\u00e1 como una nueva aver\u00eda, realizando un presupuesto gratuito.<\/p>\n\n\n\n<p>Quedan exentas de garant\u00eda las reparaciones de humedad. Queda reservado el derecho a rechazar una reparaci\u00f3n por nuestra parte.<\/p>\n","protected":false},"excerpt":{"rendered":"<p>Garant\u00eda y RMA Todas nuestras reparaciones tienen 3 meses de garant\u00eda, en ning\u00fan caso quedar\u00e1 incluido en garant\u00eda cualquier otra aver\u00eda o problema diferente al de la reparaci\u00f3n realizada. Excepto que se indique lo contrario. Las aver\u00edas intermitentes que no puedan ser detectadas por nuestros t\u00e9cnicos por su car\u00e1cter intermitente o que se dan solo [&hellip;]<\/p>\n","protected":false},"author":1,"featured_media":0,"parent":0,"menu_order":0,"comment_status":"closed","ping_status":"closed","template":"","meta":{"_joinchat":[],"footnotes":""},"class_list":["post-148","page","type-page","status-publish","hentry"],"jetpack_sharing_enabled":true,"_links":{"self":[{"href":"https:\/\/www.reparaexpress.es\/tienda\/wp-json\/wp\/v2\/pages\/148","targetHints":{"allow":["GET"]}}],"collection":[{"href":"https:\/\/www.reparaexpress.es\/tienda\/wp-json\/wp\/v2\/pages"}],"about":[{"href":"https:\/\/www.reparaexpress.es\/tienda\/wp-json\/wp\/v2\/types\/page"}],"author":[{"embeddable":true,"href":"https:\/\/www.reparaexpress.es\/tienda\/wp-json\/wp\/v2\/users\/1"}],"replies":[{"embeddable":true,"href":"https:\/\/www.reparaexpress.es\/tienda\/wp-json\/wp\/v2\/comments?post=148"}],"version-history":[{"count":2,"href":"https:\/\/www.reparaexpress.es\/tienda\/wp-json\/wp\/v2\/pages\/148\/revisions"}],"predecessor-version":[{"id":616,"href":"https:\/\/www.reparaexpress.es\/tienda\/wp-json\/wp\/v2\/pages\/148\/revisions\/616"}],"wp:attachment":[{"href":"https:\/\/www.reparaexpress.es\/tienda\/wp-json\/wp\/v2\/media?parent=148"}],"curies":[{"name":"wp","href":"https:\/\/api.w.org\/{rel}","templated":true}]}}