{"id":119,"date":"2022-05-03T08:54:06","date_gmt":"2022-05-03T08:54:06","guid":{"rendered":"https:\/\/www.reparaexpress.es\/tienda\/?post_type=product&#038;p=119"},"modified":"2022-05-03T08:54:07","modified_gmt":"2022-05-03T08:54:07","slug":"cargador-smart-2usb-2-4a-cable-lightning","status":"publish","type":"product","link":"https:\/\/www.reparaexpress.es\/tienda\/producto\/cargador-smart-2usb-2-4a-cable-lightning\/","title":{"rendered":"Cargador Smart  2USB 2.4A + Cable Lightning"},"content":{"rendered":"<p style=\"margin-top: 0px; margin-bottom: 0.8rem; font-family: Tajawal, sans-serif; font-size: 16px; background-color: #ffffff;\">Cable Lightning 1.2M 2.4A &#8211; D42B.<\/p>\n<p style=\"margin-top: 0px; margin-bottom: 0.8rem; font-family: Tajawal, sans-serif; font-size: 16px; background-color: #ffffff;\">Impresionante cargador ultra r\u00e1pido con la tecnolog\u00eda Smart Charger 12W.<\/p>\n<p style=\"margin-top: 0px; margin-bottom: 0.8rem; font-family: Tajawal, sans-serif; font-size: 16px; background-color: #ffffff;\">Su\u00a0nueva tecnolog\u00eda Smart IC detecta autom\u00e1ticamente su m\u00f3vil\u00a0o tableta para realizar una trasferencia de datos y cargar a m\u00e1xima velocidad.<\/p>\n<p style=\"margin-top: 0px; margin-bottom: 0.8rem; font-family: Tajawal, sans-serif; font-size: 16px; background-color: #ffffff;\">Este cargador de alto rendimiento te permite cargar dos dispositivos al mismo tiempo de forma r\u00e1pida y eficaz.<\/p>\n<p style=\"margin-top: 0px; margin-bottom: 0.8rem; font-family: Tajawal, sans-serif; font-size: 16px; background-color: #ffffff;\">El dise\u00f1o y fabricaci\u00f3n realizada\u00a0con innovadoras tecnolog\u00edas electr\u00f3nicas garantizan el control del sobre calentamiento,\u00a0la protecci\u00f3n contra sobrecargas y cortocircuitos durante toda la fase de carga.<\/p>\n<p style=\"margin-top: 0px; margin-bottom: 0.8rem; font-family: Tajawal, sans-serif; font-size: 16px; background-color: #ffffff;\">Dise\u00f1ado y pensando tanto para viajes, el kit de carga incluye un turbo Cable Lightning de 120\u00a0cent\u00edmetros\u00a0que proporciona una sincronizaci\u00f3n y carga r\u00e1pida y eficaz.<\/p>\n<p style=\"margin-top: 0px; margin-bottom: 0.8rem; font-family: Tajawal, sans-serif; font-size: 16px; background-color: #ffffff;\">El turbo cable que viene incluido en el pack es ultra resistente y est\u00e1 dotado de conector lightning, ideal para la recarga y sincronizaci\u00f3n de datos adem\u00e1s de ser compatible con la carga r\u00e1pida.<\/p>\n<p style=\"margin-top: 0px; margin-bottom: 0.8rem; font-family: Tajawal, sans-serif; font-size: 16px; background-color: #ffffff;\">Gracias a su metro y medio de longitud, el turbo cable lightning permite recargar tu m\u00f3vil y tablet incluso desde tomas alejadas del dispositivo.<\/p>\n","protected":false},"excerpt":{"rendered":"<p style=\"margin-top: 0px; margin-bottom: 0.8rem; font-family: Tajawal, sans-serif; font-size: 16px; background-color: #ffffff;\">Cable Lightning 1.2M 2.4A &#8211; D42B.<\/p>\n<p style=\"margin-top: 0px; margin-bottom: 0.8rem; font-family: Tajawal, sans-serif; font-size: 16px; background-color: #ffffff;\">Impresionante cargador ultra r\u00e1pido con la tecnolog\u00eda Smart Charger 12W<\/p>\n","protected":false},"featured_media":126,"comment_status":"open","ping_status":"closed","template":"","meta":{"_joinchat":[]},"product_brand":[],"product_cat":[19,20],"product_tag":[],"class_list":{"0":"post-119","1":"product","2":"type-product","3":"status-publish","4":"has-post-thumbnail","6":"product_cat-cargadores","7":"product_cat-cargadores-moviles","9":"first","10":"instock","11":"taxable","12":"shipping-taxable","13":"purchasable","14":"product-type-simple"},"jetpack_sharing_enabled":true,"_links":{"self":[{"href":"https:\/\/www.reparaexpress.es\/tienda\/wp-json\/wp\/v2\/product\/119","targetHints":{"allow":["GET"]}}],"collection":[{"href":"https:\/\/www.reparaexpress.es\/tienda\/wp-json\/wp\/v2\/product"}],"about":[{"href":"https:\/\/www.reparaexpress.es\/tienda\/wp-json\/wp\/v2\/types\/product"}],"replies":[{"embeddable":true,"href":"https:\/\/www.reparaexpress.es\/tienda\/wp-json\/wp\/v2\/comments?post=119"}],"wp:featuredmedia":[{"embeddable":true,"href":"https:\/\/www.reparaexpress.es\/tienda\/wp-json\/wp\/v2\/media\/126"}],"wp:attachment":[{"href":"https:\/\/www.reparaexpress.es\/tienda\/wp-json\/wp\/v2\/media?parent=119"}],"wp:term":[{"taxonomy":"product_brand","embeddable":true,"href":"https:\/\/www.reparaexpress.es\/tienda\/wp-json\/wp\/v2\/product_brand?post=119"},{"taxonomy":"product_cat","embeddable":true,"href":"https:\/\/www.reparaexpress.es\/tienda\/wp-json\/wp\/v2\/product_cat?post=119"},{"taxonomy":"product_tag","embeddable":true,"href":"https:\/\/www.reparaexpress.es\/tienda\/wp-json\/wp\/v2\/product_tag?post=119"}],"curies":[{"name":"wp","href":"https:\/\/api.w.org\/{rel}","templated":true}]}}