{"id":188,"date":"2022-05-03T16:12:20","date_gmt":"2022-05-03T16:12:20","guid":{"rendered":"https:\/\/www.reparaexpress.es\/tienda\/?post_type=product&#038;p=188"},"modified":"2022-05-03T17:54:09","modified_gmt":"2022-05-03T17:54:09","slug":"cargador-con-2-usb-2-4a-cable-micro","status":"publish","type":"product","link":"https:\/\/www.reparaexpress.es\/tienda\/producto\/cargador-con-2-usb-2-4a-cable-micro\/","title":{"rendered":"Cargador con 2 USB 2.4A + Cable Micro"},"content":{"rendered":"<p style=\"margin-top: 0px; margin-bottom: 0.8rem; font-family: Tajawal, sans-serif; font-size: 18px; background-color: #ffffff;\">Si necesitas un cargador ultra r\u00e1pido este es sin duda el cargador que necesitas.<\/p>\n<p style=\"margin-top: 0px; margin-bottom: 0.8rem; font-family: Tajawal, sans-serif; font-size: 18px; background-color: #ffffff;\">Este cargador cuenta con\u00a0tecnolog\u00eda Smart Charger 12W.<\/p>\n<p style=\"margin-top: 0px; margin-bottom: 0.8rem; font-family: Tajawal, sans-serif; font-size: 18px; background-color: #ffffff;\">Cuenta con la nueva tecnolog\u00eda Smart IC que\u00a0detecta autom\u00e1ticamente su smartphone o tableta para cargar a la m\u00e1xima velocidad posible. Este cargador de alto rendimiento te permite cargar dos dispositivos al mismo tiempo.<\/p>\n<p style=\"margin-top: 0px; margin-bottom: 0.8rem; font-family: Tajawal, sans-serif; font-size: 18px; background-color: #ffffff;\">Control del sobrecalentamiento y la protecci\u00f3n contra sobrecargas y cortocircuitos durante toda la fase de carga garantizado ya que ha sido dise\u00f1ado y fabricado con las m\u00e1s innovadoras tecnolog\u00edas electr\u00f3nicas.<\/p>\n<p style=\"margin-top: 0px; margin-bottom: 0.8rem; font-family: Tajawal, sans-serif; font-size: 18px; background-color: #ffffff;\">Adem\u00e1s de para casa u oficina, este cargador est\u00e1 especialmente recomendado para viajes ya que\u00a0el kit de carga incluye un turbo cable micro usb de 2 metros que permite conectar el dispositivo a zonas alejadas.<\/p>\n<p style=\"margin-top: 0px; margin-bottom: 0.8rem; font-family: Tajawal, sans-serif; font-size: 18px; background-color: #ffffff;\">El material utilizado en su fabricaci\u00f3n ofrece una carga y sincronizaci\u00f3n super r\u00e1pida de dispositivos electr\u00f3nicos con entrada micro usb. Adem\u00e1s de tener 200 cent\u00edmetros de longitud<\/p>\n","protected":false},"excerpt":{"rendered":"<p>Si necesitas un cargador ultra r\u00e1pido este es sin duda el cargador que necesitas.<\/p>\n","protected":false},"featured_media":191,"comment_status":"open","ping_status":"closed","template":"","meta":{"_joinchat":[]},"product_brand":[],"product_cat":[19,20],"product_tag":[25,23,24],"class_list":{"0":"post-188","1":"product","2":"type-product","3":"status-publish","4":"has-post-thumbnail","6":"product_cat-cargadores","7":"product_cat-cargadores-moviles","8":"product_tag-cable-cargador","9":"product_tag-cargador","10":"product_tag-moviles","12":"first","13":"instock","14":"taxable","15":"shipping-taxable","16":"purchasable","17":"product-type-simple"},"jetpack_sharing_enabled":true,"_links":{"self":[{"href":"https:\/\/www.reparaexpress.es\/tienda\/wp-json\/wp\/v2\/product\/188","targetHints":{"allow":["GET"]}}],"collection":[{"href":"https:\/\/www.reparaexpress.es\/tienda\/wp-json\/wp\/v2\/product"}],"about":[{"href":"https:\/\/www.reparaexpress.es\/tienda\/wp-json\/wp\/v2\/types\/product"}],"replies":[{"embeddable":true,"href":"https:\/\/www.reparaexpress.es\/tienda\/wp-json\/wp\/v2\/comments?post=188"}],"wp:featuredmedia":[{"embeddable":true,"href":"https:\/\/www.reparaexpress.es\/tienda\/wp-json\/wp\/v2\/media\/191"}],"wp:attachment":[{"href":"https:\/\/www.reparaexpress.es\/tienda\/wp-json\/wp\/v2\/media?parent=188"}],"wp:term":[{"taxonomy":"product_brand","embeddable":true,"href":"https:\/\/www.reparaexpress.es\/tienda\/wp-json\/wp\/v2\/product_brand?post=188"},{"taxonomy":"product_cat","embeddable":true,"href":"https:\/\/www.reparaexpress.es\/tienda\/wp-json\/wp\/v2\/product_cat?post=188"},{"taxonomy":"product_tag","embeddable":true,"href":"https:\/\/www.reparaexpress.es\/tienda\/wp-json\/wp\/v2\/product_tag?post=188"}],"curies":[{"name":"wp","href":"https:\/\/api.w.org\/{rel}","templated":true}]}}