{"id":24,"date":"2022-04-28T15:35:57","date_gmt":"2022-04-28T15:35:57","guid":{"rendered":"https:\/\/www.reparaexpress.es\/tienda\/?post_type=product&#038;p=24"},"modified":"2022-04-29T17:45:36","modified_gmt":"2022-04-29T17:45:36","slug":"cargador-smart-1usb-1-5a-7-5w","status":"publish","type":"product","link":"https:\/\/www.reparaexpress.es\/tienda\/producto\/cargador-smart-1usb-1-5a-7-5w\/","title":{"rendered":"Cargador Smart 1USB 1.5A 7.5W"},"content":{"rendered":"<p style=\"margin-top: 0px; margin-bottom: 0.8rem; font-family: Tajawal, sans-serif; font-size: 16px; background-color: #ffffff;\">Smart Charger \u00a0de 1.5 amperios 7.5W &#8211;<\/p>\n<p style=\"margin-top: 0px; margin-bottom: 0.8rem; font-family: Tajawal, sans-serif; font-size: 16px; background-color: #ffffff;\">Cargador compacto\u00a0de 7.5W\u00a0ideal para recargar r\u00e1pidamente todos los dispositivos smartphone y tabletas.<\/p>\n<p style=\"margin-top: 0px; margin-bottom: 0.8rem; font-family: Tajawal, sans-serif; font-size: 16px; background-color: #ffffff;\">Compatible con la carga 5W y 7.5W. Dise\u00f1ado y fabricado con tecnolog\u00edas innovadoras que garantizan el control del sobre calentamiento,\u00a0a protecci\u00f3n contra sobrecargas y cortocircuitos durante la carga.<\/p>\n<p style=\"margin-top: 0px; margin-bottom: 0.8rem; font-family: Tajawal, sans-serif; font-size: 16px; background-color: #ffffff;\">Su dise\u00f1o minimalista se conjuga con la alta potencia para cargar de forma r\u00e1pida y segura el tel\u00e9fono m\u00f3vil o la tablet ya sea en casa, en La Oficina o cuando est\u00e9 de viaje.<\/p>\n<p style=\"margin-top: 0px; margin-bottom: 0.8rem; font-family: Tajawal, sans-serif; font-size: 16px; background-color: #ffffff;\">De reducido tama\u00f1o es ideal para guardar en cualquier lugar e incluso llevarlo en un bolsillo.<\/p>\n","protected":false},"excerpt":{"rendered":"<p style=\"margin-top: 0px; margin-bottom: 0.8rem; font-family: Tajawal, sans-serif; font-size: 16px; background-color: #ffffff;\">Cargador inteligente\u00a0 de 1.5 amperios 7.5W<\/p>\n<p style=\"margin-top: 0px; margin-bottom: 0.8rem; font-family: Tajawal, sans-serif; font-size: 16px; background-color: #ffffff;\">Cargador compacto de 7.5W ideal para recargar r\u00e1pidamente todos los dispositivos smartphone y tabletas.<\/p>\n","protected":false},"featured_media":29,"comment_status":"open","ping_status":"closed","template":"","meta":{"_joinchat":[]},"product_brand":[],"product_cat":[19,20],"product_tag":[25,23,24],"class_list":{"0":"post-24","1":"product","2":"type-product","3":"status-publish","4":"has-post-thumbnail","6":"product_cat-cargadores","7":"product_cat-cargadores-moviles","8":"product_tag-cable-cargador","9":"product_tag-cargador","10":"product_tag-moviles","12":"first","13":"instock","14":"taxable","15":"shipping-taxable","16":"purchasable","17":"product-type-simple"},"jetpack_sharing_enabled":true,"_links":{"self":[{"href":"https:\/\/www.reparaexpress.es\/tienda\/wp-json\/wp\/v2\/product\/24","targetHints":{"allow":["GET"]}}],"collection":[{"href":"https:\/\/www.reparaexpress.es\/tienda\/wp-json\/wp\/v2\/product"}],"about":[{"href":"https:\/\/www.reparaexpress.es\/tienda\/wp-json\/wp\/v2\/types\/product"}],"replies":[{"embeddable":true,"href":"https:\/\/www.reparaexpress.es\/tienda\/wp-json\/wp\/v2\/comments?post=24"}],"wp:featuredmedia":[{"embeddable":true,"href":"https:\/\/www.reparaexpress.es\/tienda\/wp-json\/wp\/v2\/media\/29"}],"wp:attachment":[{"href":"https:\/\/www.reparaexpress.es\/tienda\/wp-json\/wp\/v2\/media?parent=24"}],"wp:term":[{"taxonomy":"product_brand","embeddable":true,"href":"https:\/\/www.reparaexpress.es\/tienda\/wp-json\/wp\/v2\/product_brand?post=24"},{"taxonomy":"product_cat","embeddable":true,"href":"https:\/\/www.reparaexpress.es\/tienda\/wp-json\/wp\/v2\/product_cat?post=24"},{"taxonomy":"product_tag","embeddable":true,"href":"https:\/\/www.reparaexpress.es\/tienda\/wp-json\/wp\/v2\/product_tag?post=24"}],"curies":[{"name":"wp","href":"https:\/\/api.w.org\/{rel}","templated":true}]}}