{"id":248,"date":"2022-05-04T07:41:38","date_gmt":"2022-05-04T07:41:38","guid":{"rendered":"https:\/\/www.reparaexpress.es\/tienda\/?post_type=product&#038;p=248"},"modified":"2022-05-04T07:41:39","modified_gmt":"2022-05-04T07:41:39","slug":"protector-hidrogel-para-moviles","status":"publish","type":"product","link":"https:\/\/www.reparaexpress.es\/tienda\/producto\/protector-hidrogel-para-moviles\/","title":{"rendered":"Protector Hidrogel Para M\u00f3viles"},"content":{"rendered":"<p style=\"border: 0px; margin: 0px 0px 1.5em; padding: 0px; font-family: 'Open Sans', sans-serif; font-size: 17px; background-color: #ffffff;\">El hidrogel es una pel\u00edcula suave hecha de materiales de\u00a0<span style=\"border: 0px; margin: 0px; padding: 0px; font-weight: bold;\">poliuterano flexible o polietileno y alta ductilidad<\/span>, resiste las huellas dactilares y puede moldearse para adaptarse a smartphones delgados.\u00a0<span style=\"border: 0px; margin: 0px; padding: 0px; font-weight: bold;\">Estos hidrogeles son ultra delgados<\/span>, y casi no te dar\u00e1s cuenta de que un m\u00f3vil est\u00e1 protegido por este tipo de material si no lo observas atentamente.<\/p>\n<p style=\"border: 0px; margin: 0px 0px 1.5em; padding: 0px; font-family: 'Open Sans', sans-serif; font-size: 17px; background-color: #ffffff;\">Un protector de pantalla de hidrogel est\u00e1 hecho por un tipo de resina que es lo que realmente aporta la protecci\u00f3n al m\u00f3vil. Puede parecer m\u00e1s fr\u00e1gil que el cristal templado, pero solo en apariencia, ya que esto le permite pegarse m\u00e1s a la pantalla evitando que las esquinas queden desprotegidas.\u00a0<span style=\"border: 0px; margin: 0px; padding: 0px; font-weight: bold;\">Aguanta mucho m\u00e1s las ca\u00eddas que el cristal templado<\/span>, ya que absorbe toda la potencia de los impactos haciendo que estos no hagan da\u00f1o a la pantalla. Y si hay algunos rayones, la superficie\u00a0<span style=\"border: 0px; margin: 0px; padding: 0px; font-weight: bold;\">se regenera<\/span>\u00a0y desaparecen<\/p>\n","protected":false},"excerpt":{"rendered":"<p><span style=\"font-family: 'Open Sans', sans-serif; font-size: 17px; background-color: #ffffff;\">El hidrogel es una pel\u00edcula suave hecha de materiales de\u00a0<\/span><span style=\"border: 0px; margin: 0px; padding: 0px; font-weight: bold;\">poliuterano flexible o polietileno y alta ductilidad<\/span><span style=\"font-family: 'Open Sans', sans-serif; font-size: 17px; background-color: #ffffff;\">, resiste las huellas dactilares y puede moldearse para adaptarse a smartphones delgados.\u00a0<\/span><span style=\"border: 0px; margin: 0px; padding: 0px; font-weight: bold;\">Estos hidrogeles son ultra delgados<\/span><span style=\"font-family: 'Open Sans', sans-serif; font-size: 17px; background-color: #ffffff;\">, y casi no te dar\u00e1s cuenta de que un m\u00f3vil est\u00e1 protegido por este tipo de material si no lo observas atentamente<\/span><\/p>\n","protected":false},"featured_media":249,"comment_status":"open","ping_status":"closed","template":"","meta":{"_joinchat":[]},"product_brand":[],"product_cat":[56,57],"product_tag":[63,61,62],"class_list":{"0":"post-248","1":"product","2":"type-product","3":"status-publish","4":"has-post-thumbnail","6":"product_cat-accesorios-moviles","7":"product_cat-protectores-hidrogel","8":"product_tag-cristal","9":"product_tag-hidrogel","10":"product_tag-protector","12":"first","13":"instock","14":"taxable","15":"shipping-taxable","16":"purchasable","17":"product-type-simple"},"jetpack_sharing_enabled":true,"_links":{"self":[{"href":"https:\/\/www.reparaexpress.es\/tienda\/wp-json\/wp\/v2\/product\/248","targetHints":{"allow":["GET"]}}],"collection":[{"href":"https:\/\/www.reparaexpress.es\/tienda\/wp-json\/wp\/v2\/product"}],"about":[{"href":"https:\/\/www.reparaexpress.es\/tienda\/wp-json\/wp\/v2\/types\/product"}],"replies":[{"embeddable":true,"href":"https:\/\/www.reparaexpress.es\/tienda\/wp-json\/wp\/v2\/comments?post=248"}],"wp:featuredmedia":[{"embeddable":true,"href":"https:\/\/www.reparaexpress.es\/tienda\/wp-json\/wp\/v2\/media\/249"}],"wp:attachment":[{"href":"https:\/\/www.reparaexpress.es\/tienda\/wp-json\/wp\/v2\/media?parent=248"}],"wp:term":[{"taxonomy":"product_brand","embeddable":true,"href":"https:\/\/www.reparaexpress.es\/tienda\/wp-json\/wp\/v2\/product_brand?post=248"},{"taxonomy":"product_cat","embeddable":true,"href":"https:\/\/www.reparaexpress.es\/tienda\/wp-json\/wp\/v2\/product_cat?post=248"},{"taxonomy":"product_tag","embeddable":true,"href":"https:\/\/www.reparaexpress.es\/tienda\/wp-json\/wp\/v2\/product_tag?post=248"}],"curies":[{"name":"wp","href":"https:\/\/api.w.org\/{rel}","templated":true}]}}