{"id":250,"date":"2022-05-04T07:43:56","date_gmt":"2022-05-04T07:43:56","guid":{"rendered":"https:\/\/www.reparaexpress.es\/tienda\/?post_type=product&#038;p=250"},"modified":"2022-05-04T07:43:57","modified_gmt":"2022-05-04T07:43:57","slug":"protector-de-pantalla-de-hidrogel-para-apple-watch","status":"publish","type":"product","link":"https:\/\/www.reparaexpress.es\/tienda\/producto\/protector-de-pantalla-de-hidrogel-para-apple-watch\/","title":{"rendered":"Protector de pantalla de  Hidrogel para Apple Watch"},"content":{"rendered":"<h4 style=\"margin-bottom: 14pt;\"><span lang=\"es\" style=\"font-size: 20pt; font-family: 'Open Sans';\" xml:lang=\"es\">El hidrogel es una pel\u00edcula suave hecha de materiales de\u00a0poliuterano flexible o polietileno y alta ductilidad, resiste las huellas dactilares y puede moldearse para adaptarse a smartphones delgados.\u00a0Estos hidrogeles son ultra delgados, y casi no te dar\u00e1s cuenta de que un m\u00f3vil est\u00e1 protegido por este tipo de material si no lo observas atentamente<\/span><\/h4>\n","protected":false},"excerpt":{"rendered":"<p><span style=\"color: #888888; font-family: 'Open Sans', arial, sans-serif; font-size: 13px; background-color: #ffffff;\">\u00a0<\/span><span style=\"color: #888888; font-family: 'Open Sans', arial, sans-serif;\"><span style=\"font-size: 13px;\">Protector de pantalla de Hidrogel\u00a0<\/span><\/span><\/p>\n<p><span style=\"color: #888888; font-family: 'Open Sans', arial, sans-serif; font-size: 13px; background-color: #ffffff;\"><span style=\"background-color: #fafbfc; font-size: 13px;\"><span style=\"color: #888888; font-family: 'Open Sans', arial, sans-serif;\">para Apple Watch Serie 3 \/ 7 \/ SE \/ Nike \/ Studio \/ Hermes<\/span><\/span><\/span><\/p>\n<p><span style=\"color: #888888; font-family: 'Open Sans', arial, sans-serif; font-size: 13px; background-color: #ffffff;\"><span style=\"color: #888888; font-family: 'Open Sans', arial, sans-serif;\"><span style=\"font-size: 13px;\">Con el protector de hidrogel conseguir\u00e1s\u00a0 Proteger tu reloj de golpes, rayaduras y otras agresiones. Su dise\u00f1o especial repele la grasa, suciedad y evita que las se queden las huellas de los dedos en la pantalla.<\/span><\/span><\/span><\/p>\n","protected":false},"featured_media":251,"comment_status":"open","ping_status":"closed","template":"","meta":{"_joinchat":[]},"product_brand":[],"product_cat":[56,57],"product_tag":[63,61,62],"class_list":{"0":"post-250","1":"product","2":"type-product","3":"status-publish","4":"has-post-thumbnail","6":"product_cat-accesorios-moviles","7":"product_cat-protectores-hidrogel","8":"product_tag-cristal","9":"product_tag-hidrogel","10":"product_tag-protector","12":"first","13":"instock","14":"taxable","15":"shipping-taxable","16":"purchasable","17":"product-type-simple"},"jetpack_sharing_enabled":true,"_links":{"self":[{"href":"https:\/\/www.reparaexpress.es\/tienda\/wp-json\/wp\/v2\/product\/250","targetHints":{"allow":["GET"]}}],"collection":[{"href":"https:\/\/www.reparaexpress.es\/tienda\/wp-json\/wp\/v2\/product"}],"about":[{"href":"https:\/\/www.reparaexpress.es\/tienda\/wp-json\/wp\/v2\/types\/product"}],"replies":[{"embeddable":true,"href":"https:\/\/www.reparaexpress.es\/tienda\/wp-json\/wp\/v2\/comments?post=250"}],"wp:featuredmedia":[{"embeddable":true,"href":"https:\/\/www.reparaexpress.es\/tienda\/wp-json\/wp\/v2\/media\/251"}],"wp:attachment":[{"href":"https:\/\/www.reparaexpress.es\/tienda\/wp-json\/wp\/v2\/media?parent=250"}],"wp:term":[{"taxonomy":"product_brand","embeddable":true,"href":"https:\/\/www.reparaexpress.es\/tienda\/wp-json\/wp\/v2\/product_brand?post=250"},{"taxonomy":"product_cat","embeddable":true,"href":"https:\/\/www.reparaexpress.es\/tienda\/wp-json\/wp\/v2\/product_cat?post=250"},{"taxonomy":"product_tag","embeddable":true,"href":"https:\/\/www.reparaexpress.es\/tienda\/wp-json\/wp\/v2\/product_tag?post=250"}],"curies":[{"name":"wp","href":"https:\/\/api.w.org\/{rel}","templated":true}]}}