{"id":272,"date":"2022-05-04T16:23:01","date_gmt":"2022-05-04T16:23:01","guid":{"rendered":"https:\/\/www.reparaexpress.es\/tienda\/?post_type=product&#038;p=272"},"modified":"2022-05-04T16:25:02","modified_gmt":"2022-05-04T16:25:02","slug":"cable-micro-usb-1-2m-2-4a","status":"publish","type":"product","link":"https:\/\/www.reparaexpress.es\/tienda\/producto\/cable-micro-usb-1-2m-2-4a\/","title":{"rendered":"Cable Micro-usb 1.2M 2.4A"},"content":{"rendered":"<p style=\"margin-top: 0px; margin-bottom: 0.8rem; font-family: Tajawal, sans-serif; background-color: #ffffff; font-size: 18px;\">Turbo Cable de color blanco de conector Micro-usb de 1.2\u00a0metros de longitud y una potencia de\u00a02.4\u00a0amperios\u00a0&#8211; C21B<\/p>\n<p style=\"margin-top: 0px; margin-bottom: 0.8rem; font-family: Tajawal, sans-serif; background-color: #ffffff; font-size: 18px;\">Cable ultra resistente dotado de conector\u00a0micro usb en un extremo y el el otro un conector usb, ideal para la r\u00e1pida rcarga y sincronizaci\u00f3n de datos en dispositivos como smartphone y tabletas. Es compatible con la carga r\u00e1pida.<\/p>\n<p style=\"margin-top: 0px; margin-bottom: 0.8rem; font-family: Tajawal, sans-serif; background-color: #ffffff; font-size: 18px;\">Gracias a sus 120 cm de longitud, Turbo Cable micro usb permite recargar su m\u00f3vil y su tablet incluso desde tomas alejadas.<\/p>\n","protected":false},"excerpt":{"rendered":"<p>Turbo Cable de color blanco de conector Micro-usb de 1.2 metros de longitud y una potencia de 2.4 amperios<\/p>\n","protected":false},"featured_media":274,"comment_status":"open","ping_status":"closed","template":"","meta":{"_joinchat":[]},"product_brand":[],"product_cat":[32,34],"product_tag":[25,64,24],"class_list":{"0":"post-272","1":"product","2":"type-product","3":"status-publish","4":"has-post-thumbnail","6":"product_cat-cables","7":"product_cat-micro-usb","8":"product_tag-cable-cargador","9":"product_tag-cable-movil","10":"product_tag-moviles","12":"first","13":"instock","14":"taxable","15":"shipping-taxable","16":"purchasable","17":"product-type-simple"},"jetpack_sharing_enabled":true,"_links":{"self":[{"href":"https:\/\/www.reparaexpress.es\/tienda\/wp-json\/wp\/v2\/product\/272","targetHints":{"allow":["GET"]}}],"collection":[{"href":"https:\/\/www.reparaexpress.es\/tienda\/wp-json\/wp\/v2\/product"}],"about":[{"href":"https:\/\/www.reparaexpress.es\/tienda\/wp-json\/wp\/v2\/types\/product"}],"replies":[{"embeddable":true,"href":"https:\/\/www.reparaexpress.es\/tienda\/wp-json\/wp\/v2\/comments?post=272"}],"wp:featuredmedia":[{"embeddable":true,"href":"https:\/\/www.reparaexpress.es\/tienda\/wp-json\/wp\/v2\/media\/274"}],"wp:attachment":[{"href":"https:\/\/www.reparaexpress.es\/tienda\/wp-json\/wp\/v2\/media?parent=272"}],"wp:term":[{"taxonomy":"product_brand","embeddable":true,"href":"https:\/\/www.reparaexpress.es\/tienda\/wp-json\/wp\/v2\/product_brand?post=272"},{"taxonomy":"product_cat","embeddable":true,"href":"https:\/\/www.reparaexpress.es\/tienda\/wp-json\/wp\/v2\/product_cat?post=272"},{"taxonomy":"product_tag","embeddable":true,"href":"https:\/\/www.reparaexpress.es\/tienda\/wp-json\/wp\/v2\/product_tag?post=272"}],"curies":[{"name":"wp","href":"https:\/\/api.w.org\/{rel}","templated":true}]}}