{"id":303,"date":"2022-05-05T10:14:54","date_gmt":"2022-05-05T10:14:54","guid":{"rendered":"https:\/\/www.reparaexpress.es\/tienda\/?post_type=product&#038;p=303"},"modified":"2022-05-05T10:56:10","modified_gmt":"2022-05-05T10:56:10","slug":"teclado-para-gaming","status":"publish","type":"product","link":"https:\/\/www.reparaexpress.es\/tienda\/producto\/teclado-para-gaming\/","title":{"rendered":"Teclado para gaming"},"content":{"rendered":"<p>Prep\u00e1rate para realizar cualquier acci\u00f3n en el juego con el teclado para gaming con iluminaci\u00f3n Ziva de Trust. Su dise\u00f1o de tama\u00f1o completo y las teclas multimedia garantizan un control r\u00e1pido, el dise\u00f1o robusto permite horas de gaming ininterrumpidas, y su iluminaci\u00f3n LED te coloca en una mentalidad ganadora.<\/p>\n","protected":false},"excerpt":{"rendered":"<p>La iluminaci\u00f3n LED multicolor dar\u00e1 luz a tus habilidades. Configura las teclas para que tengan colores fijos o elige el modo con efecto respiraci\u00f3n para ajustar el tono que desees.<\/p>\n","protected":false},"featured_media":306,"comment_status":"open","ping_status":"closed","template":"","meta":{"_joinchat":[]},"product_brand":[],"product_cat":[42,43],"product_tag":[65],"class_list":{"0":"post-303","1":"product","2":"type-product","3":"status-publish","4":"has-post-thumbnail","6":"product_cat-perifericos","7":"product_cat-teclados","8":"product_tag-teclado","10":"first","11":"instock","12":"taxable","13":"shipping-taxable","14":"purchasable","15":"product-type-simple"},"jetpack_sharing_enabled":true,"_links":{"self":[{"href":"https:\/\/www.reparaexpress.es\/tienda\/wp-json\/wp\/v2\/product\/303","targetHints":{"allow":["GET"]}}],"collection":[{"href":"https:\/\/www.reparaexpress.es\/tienda\/wp-json\/wp\/v2\/product"}],"about":[{"href":"https:\/\/www.reparaexpress.es\/tienda\/wp-json\/wp\/v2\/types\/product"}],"replies":[{"embeddable":true,"href":"https:\/\/www.reparaexpress.es\/tienda\/wp-json\/wp\/v2\/comments?post=303"}],"wp:featuredmedia":[{"embeddable":true,"href":"https:\/\/www.reparaexpress.es\/tienda\/wp-json\/wp\/v2\/media\/306"}],"wp:attachment":[{"href":"https:\/\/www.reparaexpress.es\/tienda\/wp-json\/wp\/v2\/media?parent=303"}],"wp:term":[{"taxonomy":"product_brand","embeddable":true,"href":"https:\/\/www.reparaexpress.es\/tienda\/wp-json\/wp\/v2\/product_brand?post=303"},{"taxonomy":"product_cat","embeddable":true,"href":"https:\/\/www.reparaexpress.es\/tienda\/wp-json\/wp\/v2\/product_cat?post=303"},{"taxonomy":"product_tag","embeddable":true,"href":"https:\/\/www.reparaexpress.es\/tienda\/wp-json\/wp\/v2\/product_tag?post=303"}],"curies":[{"name":"wp","href":"https:\/\/api.w.org\/{rel}","templated":true}]}}