{"id":31,"date":"2022-04-28T16:13:43","date_gmt":"2022-04-28T16:13:43","guid":{"rendered":"https:\/\/www.reparaexpress.es\/tienda\/?post_type=product&#038;p=31"},"modified":"2022-04-29T11:24:36","modified_gmt":"2022-04-29T11:24:36","slug":"31","status":"publish","type":"product","link":"https:\/\/www.reparaexpress.es\/tienda\/producto\/31\/","title":{"rendered":"Cargador R\u00e1pido QC3.0"},"content":{"rendered":"<p style=\"margin-top: 0px; margin-bottom: 0.8rem; font-family: Tajawal, sans-serif; font-size: 16px; background-color: #ffffff;\">Cargador R\u00e1pido QC3.0<\/p>\n<p style=\"margin-top: 0px; margin-bottom: 0.8rem; font-family: Tajawal, sans-serif; font-size: 16px; background-color: #ffffff;\">El\u00a0cargador de QC 3.0 cuenta con una potencia total de 18W, m\u00e1xima 3A de carga.<\/p>\n<p style=\"margin-top: 0px; margin-bottom: 0.8rem; font-family: Tajawal, sans-serif; font-size: 16px; background-color: #ffffff;\">La Tecnolog\u00eda Quick Charger 3.0 le permite cargar los dispositivos cuatro veces m\u00e1s r\u00e1pido que los cargadores tradicionales y 40% m\u00e1s r\u00e1pido que Tecnolog\u00eda Quick Charge 2.0 .<\/p>\n<p style=\"margin-top: 0px; margin-bottom: 0.8rem; font-family: Tajawal, sans-serif; font-size: 16px; background-color: #ffffff;\">La diferencia entre un Cargador Tradicional y un Cargador R\u00e1pida es la tensi\u00f3n de salida, los cargadores tradicionales utilizan un voltaje de 5V y una intensidad de entre 1 y 2 amperios para cargar los dispositivos. En los sistemas de carga r\u00e1pida, el voltaje que deben soportar es mucho m\u00e1s elevado y din\u00e1mico, variando entre los 5, 7, 9 y 12V y entregando entre 2 y 3 amperios.<\/p>\n","protected":false},"excerpt":{"rendered":"<p style=\"margin-top: 0px; margin-bottom: 0.8rem; font-family: Tajawal, sans-serif; font-size: 16px; background-color: #ffffff;\">Cargador R\u00e1pido QC3.0 &#8211; D50B<\/p>\n<p style=\"margin-top: 0px; margin-bottom: 0.8rem; font-family: Tajawal, sans-serif; font-size: 16px; background-color: #ffffff;\">El cargador de QC 3.0 cuenta con una potencia total de 18W, m\u00e1xima 3A de carga.<\/p>\n","protected":false},"featured_media":35,"comment_status":"open","ping_status":"closed","template":"","meta":{"_joinchat":[]},"product_brand":[],"product_cat":[19,20],"product_tag":[25,23,24],"class_list":{"0":"post-31","1":"product","2":"type-product","3":"status-publish","4":"has-post-thumbnail","6":"product_cat-cargadores","7":"product_cat-cargadores-moviles","8":"product_tag-cable-cargador","9":"product_tag-cargador","10":"product_tag-moviles","12":"first","13":"instock","14":"taxable","15":"shipping-taxable","16":"purchasable","17":"product-type-simple"},"jetpack_sharing_enabled":true,"_links":{"self":[{"href":"https:\/\/www.reparaexpress.es\/tienda\/wp-json\/wp\/v2\/product\/31","targetHints":{"allow":["GET"]}}],"collection":[{"href":"https:\/\/www.reparaexpress.es\/tienda\/wp-json\/wp\/v2\/product"}],"about":[{"href":"https:\/\/www.reparaexpress.es\/tienda\/wp-json\/wp\/v2\/types\/product"}],"replies":[{"embeddable":true,"href":"https:\/\/www.reparaexpress.es\/tienda\/wp-json\/wp\/v2\/comments?post=31"}],"wp:featuredmedia":[{"embeddable":true,"href":"https:\/\/www.reparaexpress.es\/tienda\/wp-json\/wp\/v2\/media\/35"}],"wp:attachment":[{"href":"https:\/\/www.reparaexpress.es\/tienda\/wp-json\/wp\/v2\/media?parent=31"}],"wp:term":[{"taxonomy":"product_brand","embeddable":true,"href":"https:\/\/www.reparaexpress.es\/tienda\/wp-json\/wp\/v2\/product_brand?post=31"},{"taxonomy":"product_cat","embeddable":true,"href":"https:\/\/www.reparaexpress.es\/tienda\/wp-json\/wp\/v2\/product_cat?post=31"},{"taxonomy":"product_tag","embeddable":true,"href":"https:\/\/www.reparaexpress.es\/tienda\/wp-json\/wp\/v2\/product_tag?post=31"}],"curies":[{"name":"wp","href":"https:\/\/api.w.org\/{rel}","templated":true}]}}