{"id":313,"date":"2022-05-05T10:20:38","date_gmt":"2022-05-05T10:20:38","guid":{"rendered":"https:\/\/www.reparaexpress.es\/tienda\/?post_type=product&#038;p=313"},"modified":"2022-05-05T10:54:29","modified_gmt":"2022-05-05T10:54:29","slug":"teclado-raton-optico-mx230-negro-approx","status":"publish","type":"product","link":"https:\/\/www.reparaexpress.es\/tienda\/producto\/teclado-raton-optico-mx230-negro-approx\/","title":{"rendered":"Teclado + rat\u00f3n \u00f3ptico"},"content":{"rendered":"<h5 style=\"padding: 0px; border: 0px; vertical-align: baseline; line-height: 1.4; font-size: 16px; background-color: #ffffff; margin: 0px 0px 0px;\"><span style=\"margin: 0px; padding: 0px; border: 0px; vertical-align: baseline; font-style: inherit; font-variant: inherit; font-weight: inherit; line-height: inherit; font-family: inherit; color: #db3340;\">Teclado:<\/span><\/h5>\n<ul style=\"border: 0px; vertical-align: baseline; line-height: inherit; font-family: Lato, Arial, Helvetica, sans-serif; font-size: 14px; color: #777777; background-color: #ffffff; padding: 0px 0px 0px; margin: 0px 0px 0px;\">\n<li style=\"padding: 0px; border: 0px; vertical-align: baseline; font-style: inherit; font-variant: inherit; font-weight: inherit; line-height: inherit; font-family: inherit; margin: 0px 0px 0px;\">Dise\u00f1o ligero y compacto<\/li>\n<li style=\"padding: 0px; border: 0px; vertical-align: baseline; font-style: inherit; font-variant: inherit; font-weight: inherit; line-height: inherit; font-family: inherit; margin: 0px 0px 0px;\">Teclas con tratamiento l\u00e1ser anti desgaste de larga duraci\u00f3n<\/li>\n<li style=\"padding: 0px; border: 0px; vertical-align: baseline; font-style: inherit; font-variant: inherit; font-weight: inherit; line-height: inherit; font-family: inherit; margin: 0px 0px 0px;\">105 Teclas<\/li>\n<li style=\"padding: 0px; border: 0px; vertical-align: baseline; font-style: inherit; font-variant: inherit; font-weight: inherit; line-height: inherit; font-family: inherit; margin: 0px 0px 0px;\">Cable Usb de 1.50m<\/li>\n<li style=\"margin: 0px; padding: 0px; border: 0px; vertical-align: baseline; font-style: inherit; font-variant: inherit; font-weight: inherit; line-height: inherit; font-family: inherit;\">Consumo 5VDC\/ 20mA.<\/li>\n<\/ul>\n<h5 style=\"padding: 0px; border: 0px; vertical-align: baseline; line-height: 1.4; font-size: 16px; background-color: #ffffff; margin: 0px 0px 0px;\"><span style=\"margin: 0px; padding: 0px; border: 0px; vertical-align: baseline; font-style: inherit; font-variant: inherit; font-weight: inherit; line-height: inherit; font-family: inherit; color: #db3340;\">Rat\u00f3n:<\/span><\/h5>\n<ul style=\"border: 0px; vertical-align: baseline; line-height: inherit; font-family: Lato, Arial, Helvetica, sans-serif; font-size: 14px; color: #777777; background-color: #ffffff; padding: 0px 0px 0px; margin: 0px 0px 0px;\">\n<li style=\"padding: 0px; border: 0px; vertical-align: baseline; font-style: inherit; font-variant: inherit; font-weight: inherit; line-height: inherit; font-family: inherit; margin: 0px 0px 0px;\">Soporta USB 1.1 Y 2.0<\/li>\n<li style=\"padding: 0px; border: 0px; vertical-align: baseline; font-style: inherit; font-variant: inherit; font-weight: inherit; line-height: inherit; font-family: inherit; margin: 0px 0px 0px;\">Plug and Play<\/li>\n<li style=\"padding: 0px; border: 0px; vertical-align: baseline; font-style: inherit; font-variant: inherit; font-weight: inherit; line-height: inherit; font-family: inherit; margin: 0px 0px 0px;\">Resoluci\u00f3n: 1000 dpi<\/li>\n<li style=\"margin: 0px; padding: 0px; border: 0px; vertical-align: baseline; font-style: inherit; font-variant: inherit; font-weight: inherit; line-height: inherit; font-family: inherit;\">3 botones \u00b7 Cable 1 m.<\/li>\n<\/ul>\n","protected":false},"excerpt":{"rendered":"<p>El kit teclado y rat\u00f3n USB es una combinaci\u00f3n resistente, c\u00f3moda, elegante y sencilla a la vez. Incluye un teclado ofim\u00e1tico equipado con 105 teclas silenciosas y teclado num\u00e9rico. Su dise\u00f1o es resistente a salpicaduras y sus teclas admiten hasta 10 millones de pulsaciones. Tambi\u00e9n incluye un rat\u00f3n \u00f3ptico de alta definici\u00f3n con dise\u00f1o ambidiestro, 3 botones y una resoluci\u00f3n de 1000dpi que facilita su control y seguimiento preciso en sus tareas habituales.<\/p>\n","protected":false},"featured_media":314,"comment_status":"open","ping_status":"closed","template":"","meta":{"_joinchat":[]},"product_brand":[],"product_cat":[42,43],"product_tag":[65],"class_list":{"0":"post-313","1":"product","2":"type-product","3":"status-publish","4":"has-post-thumbnail","6":"product_cat-perifericos","7":"product_cat-teclados","8":"product_tag-teclado","10":"first","11":"instock","12":"taxable","13":"shipping-taxable","14":"purchasable","15":"product-type-simple"},"jetpack_sharing_enabled":true,"_links":{"self":[{"href":"https:\/\/www.reparaexpress.es\/tienda\/wp-json\/wp\/v2\/product\/313","targetHints":{"allow":["GET"]}}],"collection":[{"href":"https:\/\/www.reparaexpress.es\/tienda\/wp-json\/wp\/v2\/product"}],"about":[{"href":"https:\/\/www.reparaexpress.es\/tienda\/wp-json\/wp\/v2\/types\/product"}],"replies":[{"embeddable":true,"href":"https:\/\/www.reparaexpress.es\/tienda\/wp-json\/wp\/v2\/comments?post=313"}],"wp:featuredmedia":[{"embeddable":true,"href":"https:\/\/www.reparaexpress.es\/tienda\/wp-json\/wp\/v2\/media\/314"}],"wp:attachment":[{"href":"https:\/\/www.reparaexpress.es\/tienda\/wp-json\/wp\/v2\/media?parent=313"}],"wp:term":[{"taxonomy":"product_brand","embeddable":true,"href":"https:\/\/www.reparaexpress.es\/tienda\/wp-json\/wp\/v2\/product_brand?post=313"},{"taxonomy":"product_cat","embeddable":true,"href":"https:\/\/www.reparaexpress.es\/tienda\/wp-json\/wp\/v2\/product_cat?post=313"},{"taxonomy":"product_tag","embeddable":true,"href":"https:\/\/www.reparaexpress.es\/tienda\/wp-json\/wp\/v2\/product_tag?post=313"}],"curies":[{"name":"wp","href":"https:\/\/api.w.org\/{rel}","templated":true}]}}