{"id":338,"date":"2022-05-05T11:11:22","date_gmt":"2022-05-05T11:11:22","guid":{"rendered":"https:\/\/www.reparaexpress.es\/tienda\/?post_type=product&#038;p=338"},"modified":"2022-05-05T11:11:23","modified_gmt":"2022-05-05T11:11:23","slug":"raton-optico-inalambrico-de-1000-dpi-usb","status":"publish","type":"product","link":"https:\/\/www.reparaexpress.es\/tienda\/producto\/raton-optico-inalambrico-de-1000-dpi-usb\/","title":{"rendered":"Rat\u00f3n \u00f3ptico inal\u00e1mbrico de 1000 dpi &#8211; USB"},"content":{"rendered":"<ul>\n<li>Rat\u00f3n \u00f3ptico de\u00a0<strong>1000 dpi<\/strong>\u00a0con\u00a0<strong>conexi\u00f3n USB<\/strong>\u00a0destaca por su m\u00e1ximo rendimiento, ergonom\u00eda y dise\u00f1o. Este rat\u00f3n ha sido concebido especialmente para port\u00e1tiles, incorpora 2 c\u00f3modos pulsadores + rueda bot\u00f3n que proporcionan un excelente control y facilitan la navegaci\u00f3n.<\/li>\n<li>Su acabado en goma de color negro, que proporciona un mejor agarre, le convierten en una gran elecci\u00f3n.<\/li>\n<li>Su funcionamiento inal\u00e1mbrico de 2,4 GHz para respuesta inmediata y sin interrupciones, con rango de alcance de hasta 10 metros.<\/li>\n<\/ul>\n","protected":false},"excerpt":{"rendered":"<table class=\"table2\">\n<tbody>\n<tr>\n<td>Resoluci\u00f3n dpi: 1000<\/td>\n<td>Ergonom\u00eda: Ambidiestros<\/td>\n<\/tr>\n<tr>\n<td>N\u00ba pulsadores: 2 + scroll<\/td>\n<td>Rubber coating: Si<\/td>\n<\/tr>\n<tr>\n<td>Especial para: Sobremesa \/ Port\u00e1til<\/td>\n<\/tr>\n<\/tbody>\n<\/table>\n","protected":false},"featured_media":340,"comment_status":"open","ping_status":"closed","template":"","meta":{"_joinchat":[]},"product_brand":[],"product_cat":[42,44],"product_tag":[69,67,68],"class_list":{"0":"post-338","1":"product","2":"type-product","3":"status-publish","4":"has-post-thumbnail","6":"product_cat-perifericos","7":"product_cat-ratones","8":"product_tag-inalambrico","9":"product_tag-raton","10":"product_tag-ratones","12":"first","13":"instock","14":"taxable","15":"shipping-taxable","16":"purchasable","17":"product-type-simple"},"jetpack_sharing_enabled":true,"_links":{"self":[{"href":"https:\/\/www.reparaexpress.es\/tienda\/wp-json\/wp\/v2\/product\/338","targetHints":{"allow":["GET"]}}],"collection":[{"href":"https:\/\/www.reparaexpress.es\/tienda\/wp-json\/wp\/v2\/product"}],"about":[{"href":"https:\/\/www.reparaexpress.es\/tienda\/wp-json\/wp\/v2\/types\/product"}],"replies":[{"embeddable":true,"href":"https:\/\/www.reparaexpress.es\/tienda\/wp-json\/wp\/v2\/comments?post=338"}],"wp:featuredmedia":[{"embeddable":true,"href":"https:\/\/www.reparaexpress.es\/tienda\/wp-json\/wp\/v2\/media\/340"}],"wp:attachment":[{"href":"https:\/\/www.reparaexpress.es\/tienda\/wp-json\/wp\/v2\/media?parent=338"}],"wp:term":[{"taxonomy":"product_brand","embeddable":true,"href":"https:\/\/www.reparaexpress.es\/tienda\/wp-json\/wp\/v2\/product_brand?post=338"},{"taxonomy":"product_cat","embeddable":true,"href":"https:\/\/www.reparaexpress.es\/tienda\/wp-json\/wp\/v2\/product_cat?post=338"},{"taxonomy":"product_tag","embeddable":true,"href":"https:\/\/www.reparaexpress.es\/tienda\/wp-json\/wp\/v2\/product_tag?post=338"}],"curies":[{"name":"wp","href":"https:\/\/api.w.org\/{rel}","templated":true}]}}