{"id":347,"date":"2022-05-05T11:21:32","date_gmt":"2022-05-05T11:21:32","guid":{"rendered":"https:\/\/www.reparaexpress.es\/tienda\/?post_type=product&#038;p=347"},"modified":"2022-05-05T18:19:03","modified_gmt":"2022-05-05T18:19:03","slug":"logitech-b100-raton-con-cable-3-botones","status":"publish","type":"product","link":"https:\/\/www.reparaexpress.es\/tienda\/producto\/logitech-b100-raton-con-cable-3-botones\/","title":{"rendered":"Logitech B100 Rat\u00f3n con Cable, 3 Botones"},"content":{"rendered":"<ul>\n<li>Rat\u00f3n con cable<\/li>\n<li>3 botones<\/li>\n<li>Conectividad USB<\/li>\n<li>Seguimiento \u00f3ptico<\/li>\n<li>Resoluci\u00f3n de 800 dpi<\/li>\n<li>Cable: 180 cm<\/li>\n<li>Dise\u00f1o ambidiestro<\/li>\n<\/ul>\n","protected":false},"excerpt":{"rendered":"<p>El Logitech B100 es un rat\u00f3n \u00f3ptico barato que te sorprender\u00e1 por su precisi\u00f3n y su comodidad. Un modelo de perfil bajo que te resultar\u00e1 confortable incluso despu\u00e9s de horas de uso y que ha sido fabricado con materiales de calidad para que tengas rat\u00f3n para rato.<\/p>\n","protected":false},"featured_media":348,"comment_status":"open","ping_status":"closed","template":"","meta":{"_joinchat":[]},"product_brand":[],"product_cat":[42,44],"product_tag":[66,67,68],"class_list":{"0":"post-347","1":"product","2":"type-product","3":"status-publish","4":"has-post-thumbnail","6":"product_cat-perifericos","7":"product_cat-ratones","8":"product_tag-ordenador","9":"product_tag-raton","10":"product_tag-ratones","12":"first","13":"instock","14":"taxable","15":"shipping-taxable","16":"purchasable","17":"product-type-simple"},"jetpack_sharing_enabled":true,"_links":{"self":[{"href":"https:\/\/www.reparaexpress.es\/tienda\/wp-json\/wp\/v2\/product\/347","targetHints":{"allow":["GET"]}}],"collection":[{"href":"https:\/\/www.reparaexpress.es\/tienda\/wp-json\/wp\/v2\/product"}],"about":[{"href":"https:\/\/www.reparaexpress.es\/tienda\/wp-json\/wp\/v2\/types\/product"}],"replies":[{"embeddable":true,"href":"https:\/\/www.reparaexpress.es\/tienda\/wp-json\/wp\/v2\/comments?post=347"}],"wp:featuredmedia":[{"embeddable":true,"href":"https:\/\/www.reparaexpress.es\/tienda\/wp-json\/wp\/v2\/media\/348"}],"wp:attachment":[{"href":"https:\/\/www.reparaexpress.es\/tienda\/wp-json\/wp\/v2\/media?parent=347"}],"wp:term":[{"taxonomy":"product_brand","embeddable":true,"href":"https:\/\/www.reparaexpress.es\/tienda\/wp-json\/wp\/v2\/product_brand?post=347"},{"taxonomy":"product_cat","embeddable":true,"href":"https:\/\/www.reparaexpress.es\/tienda\/wp-json\/wp\/v2\/product_cat?post=347"},{"taxonomy":"product_tag","embeddable":true,"href":"https:\/\/www.reparaexpress.es\/tienda\/wp-json\/wp\/v2\/product_tag?post=347"}],"curies":[{"name":"wp","href":"https:\/\/api.w.org\/{rel}","templated":true}]}}