{"id":352,"date":"2022-05-05T11:32:09","date_gmt":"2022-05-05T11:32:09","guid":{"rendered":"https:\/\/www.reparaexpress.es\/tienda\/?post_type=product&#038;p=352"},"modified":"2022-05-05T11:32:09","modified_gmt":"2022-05-05T11:32:09","slug":"raton-inalambrico-1000dpi-3-botones-uso-ambidiestro","status":"publish","type":"product","link":"https:\/\/www.reparaexpress.es\/tienda\/producto\/raton-inalambrico-1000dpi-3-botones-uso-ambidiestro\/","title":{"rendered":"Rat\u00f3n Inal\u00e1mbrico 1000dpi &#8211; 3 Botones &#8211; Uso Ambidiestro"},"content":{"rendered":"<p>S\u00f3lida conexi\u00f3n inal\u00e1mbrica estable a distancias de hasta 10 metros (33 ft). Sin apenas retrasos ni interferencias, el juego y el trabajo ser\u00e1n m\u00e1s previsibles. Pruebas realizadas a una distancia de 10 metros. El radio de acci\u00f3n inal\u00e1mbrico puede variar ligeramente seg\u00fan las condiciones del equipo y el entorno. Duraci\u00f3n de pilas de hasta 12 meses. Funciona hasta un a\u00f1o sin tener que cambiar las pilas. Para prolongar la duraci\u00f3n, usa el conmutador de encendido para apagar el rat\u00f3n cuando no lo est\u00e9s usando. La duraci\u00f3n de las pilas puede variar ligeramente seg\u00fan las condiciones del equipo y tu uso del rat\u00f3n. Conexi\u00f3n Plug and Play. El rat\u00f3n inal\u00e1mbrico M171 es realmente Plug and Play.<\/p>\n","protected":false},"excerpt":{"rendered":"<p>S\u00f3lida conexi\u00f3n inal\u00e1mbrica estable a distancias de hasta 10 metros (33 ft). Sin apenas retrasos ni interferencias, el juego y el trabajo ser\u00e1n m\u00e1s previsibles<\/p>\n","protected":false},"featured_media":355,"comment_status":"open","ping_status":"closed","template":"","meta":{"_joinchat":[]},"product_brand":[],"product_cat":[42,44],"product_tag":[69,67,68],"class_list":{"0":"post-352","1":"product","2":"type-product","3":"status-publish","4":"has-post-thumbnail","6":"product_cat-perifericos","7":"product_cat-ratones","8":"product_tag-inalambrico","9":"product_tag-raton","10":"product_tag-ratones","12":"first","13":"instock","14":"taxable","15":"shipping-taxable","16":"purchasable","17":"product-type-simple"},"jetpack_sharing_enabled":true,"_links":{"self":[{"href":"https:\/\/www.reparaexpress.es\/tienda\/wp-json\/wp\/v2\/product\/352","targetHints":{"allow":["GET"]}}],"collection":[{"href":"https:\/\/www.reparaexpress.es\/tienda\/wp-json\/wp\/v2\/product"}],"about":[{"href":"https:\/\/www.reparaexpress.es\/tienda\/wp-json\/wp\/v2\/types\/product"}],"replies":[{"embeddable":true,"href":"https:\/\/www.reparaexpress.es\/tienda\/wp-json\/wp\/v2\/comments?post=352"}],"wp:featuredmedia":[{"embeddable":true,"href":"https:\/\/www.reparaexpress.es\/tienda\/wp-json\/wp\/v2\/media\/355"}],"wp:attachment":[{"href":"https:\/\/www.reparaexpress.es\/tienda\/wp-json\/wp\/v2\/media?parent=352"}],"wp:term":[{"taxonomy":"product_brand","embeddable":true,"href":"https:\/\/www.reparaexpress.es\/tienda\/wp-json\/wp\/v2\/product_brand?post=352"},{"taxonomy":"product_cat","embeddable":true,"href":"https:\/\/www.reparaexpress.es\/tienda\/wp-json\/wp\/v2\/product_cat?post=352"},{"taxonomy":"product_tag","embeddable":true,"href":"https:\/\/www.reparaexpress.es\/tienda\/wp-json\/wp\/v2\/product_tag?post=352"}],"curies":[{"name":"wp","href":"https:\/\/api.w.org\/{rel}","templated":true}]}}