{"id":356,"date":"2022-05-05T11:38:08","date_gmt":"2022-05-05T11:38:08","guid":{"rendered":"https:\/\/www.reparaexpress.es\/tienda\/?post_type=product&#038;p=356"},"modified":"2022-05-05T11:38:58","modified_gmt":"2022-05-05T11:38:58","slug":"raton-optico-inalambrico","status":"publish","type":"product","link":"https:\/\/www.reparaexpress.es\/tienda\/producto\/raton-optico-inalambrico\/","title":{"rendered":"Rat\u00f3n \u00d3ptico Inal\u00e1mbrico"},"content":{"rendered":"<ul>\n<li>Rat\u00f3n RF 2.4 Ghz R con sensor \u00f3ptico perfecto para port\u00e1tiles.<\/li>\n<li>Incluye 3 botones y una rueda de desplazamiento met\u00e1lica para que tengas el control completo sobre tu trabajo<\/li>\n<li>Interfaz NANO USB.<\/li>\n<li>Cuenta con un sensor de alto rendimiento, DPI totalmente ajustable: 800\/1600.<\/li>\n<li>Alcance inal\u00e1mbrico de hasta 10 metros.<\/li>\n<li>Tama\u00f1o compacto.<\/li>\n<li>Para ambidiestros<\/li>\n<\/ul>\n","protected":false},"excerpt":{"rendered":"<table class=\"table2\" width=\"340\">\n<tbody>\n<tr>\n<td>800\/1600 dpi<i class=\"fas fa-check\"><\/i><\/td>\n<td>Receptor NANO USB: 2.4Ghz<\/td>\n<\/tr>\n<tr>\n<td>Bot\u00f3n de apertura de carcasa<i class=\"fas fa-check\"><\/i><\/td>\n<\/tr>\n<\/tbody>\n<\/table>\n","protected":false},"featured_media":359,"comment_status":"open","ping_status":"closed","template":"","meta":{"_joinchat":[]},"product_brand":[],"product_cat":[42,44],"product_tag":[66,67,68],"class_list":{"0":"post-356","1":"product","2":"type-product","3":"status-publish","4":"has-post-thumbnail","6":"product_cat-perifericos","7":"product_cat-ratones","8":"product_tag-ordenador","9":"product_tag-raton","10":"product_tag-ratones","12":"first","13":"instock","14":"taxable","15":"shipping-taxable","16":"purchasable","17":"product-type-simple"},"jetpack_sharing_enabled":true,"_links":{"self":[{"href":"https:\/\/www.reparaexpress.es\/tienda\/wp-json\/wp\/v2\/product\/356","targetHints":{"allow":["GET"]}}],"collection":[{"href":"https:\/\/www.reparaexpress.es\/tienda\/wp-json\/wp\/v2\/product"}],"about":[{"href":"https:\/\/www.reparaexpress.es\/tienda\/wp-json\/wp\/v2\/types\/product"}],"replies":[{"embeddable":true,"href":"https:\/\/www.reparaexpress.es\/tienda\/wp-json\/wp\/v2\/comments?post=356"}],"wp:featuredmedia":[{"embeddable":true,"href":"https:\/\/www.reparaexpress.es\/tienda\/wp-json\/wp\/v2\/media\/359"}],"wp:attachment":[{"href":"https:\/\/www.reparaexpress.es\/tienda\/wp-json\/wp\/v2\/media?parent=356"}],"wp:term":[{"taxonomy":"product_brand","embeddable":true,"href":"https:\/\/www.reparaexpress.es\/tienda\/wp-json\/wp\/v2\/product_brand?post=356"},{"taxonomy":"product_cat","embeddable":true,"href":"https:\/\/www.reparaexpress.es\/tienda\/wp-json\/wp\/v2\/product_cat?post=356"},{"taxonomy":"product_tag","embeddable":true,"href":"https:\/\/www.reparaexpress.es\/tienda\/wp-json\/wp\/v2\/product_tag?post=356"}],"curies":[{"name":"wp","href":"https:\/\/api.w.org\/{rel}","templated":true}]}}