{"id":389,"date":"2022-05-05T17:19:12","date_gmt":"2022-05-05T17:19:12","guid":{"rendered":"https:\/\/www.reparaexpress.es\/tienda\/?post_type=product&#038;p=389"},"modified":"2022-05-05T17:19:12","modified_gmt":"2022-05-05T17:19:12","slug":"raton-optico-usb","status":"publish","type":"product","link":"https:\/\/www.reparaexpress.es\/tienda\/producto\/raton-optico-usb\/","title":{"rendered":"Rat\u00f3n \u00f3ptico USB"},"content":{"rendered":"<div id=\"tab1\" class=\"tabf\">\n<ul>\n<li>Incorpora 2 botones y una rueda de desplazamiento que proporciona gran precisi\u00f3n.<\/li>\n<li>Acabado brillante de color granate.<\/li>\n<li>Sistema de iluminaci\u00f3n LED de siete colores con transici\u00f3n de color ininterrumpida.<\/li>\n<li>Instalaci\u00f3n \u201cPlug and Play\u201d.<\/li>\n<li>Para ambidiestros.<\/li>\n<li>Presenta una longitud de 120 cm con un acabado robusto para mayor resistencia.<\/li>\n<li>Rat\u00f3n de tama\u00f1o reducido, ideal para port\u00e1til y PC.<\/li>\n<li>Rat\u00f3n \u00f3ptico de 100 dpi por cable con conexi\u00f3n USB y luces led.<\/li>\n<li><\/li>\n<\/ul>\n<\/div>\n","protected":false},"excerpt":{"rendered":"<p>Incorpora 2 botones y una rueda de desplazamiento que proporciona gran precisi\u00f3n. Acabado brillante de color granate. Sistema de iluminaci\u00f3n LED de siete colores con transici\u00f3n de color ininterrumpida. Instalaci\u00f3n \u201cPlug and Play\u201d. Para ambidiestros. Presenta una longitud de 120 cm con un acabado robusto para mayor resistencia. Rat\u00f3n de tama\u00f1o reducido, ideal para port\u00e1til [&hellip;]<\/p>\n","protected":false},"featured_media":393,"comment_status":"open","ping_status":"closed","template":"","meta":{"_joinchat":[]},"product_brand":[],"product_cat":[42,44],"product_tag":[66,67,68],"class_list":{"0":"post-389","1":"product","2":"type-product","3":"status-publish","4":"has-post-thumbnail","6":"product_cat-perifericos","7":"product_cat-ratones","8":"product_tag-ordenador","9":"product_tag-raton","10":"product_tag-ratones","12":"first","13":"instock","14":"taxable","15":"shipping-taxable","16":"purchasable","17":"product-type-simple"},"jetpack_sharing_enabled":true,"_links":{"self":[{"href":"https:\/\/www.reparaexpress.es\/tienda\/wp-json\/wp\/v2\/product\/389","targetHints":{"allow":["GET"]}}],"collection":[{"href":"https:\/\/www.reparaexpress.es\/tienda\/wp-json\/wp\/v2\/product"}],"about":[{"href":"https:\/\/www.reparaexpress.es\/tienda\/wp-json\/wp\/v2\/types\/product"}],"replies":[{"embeddable":true,"href":"https:\/\/www.reparaexpress.es\/tienda\/wp-json\/wp\/v2\/comments?post=389"}],"wp:featuredmedia":[{"embeddable":true,"href":"https:\/\/www.reparaexpress.es\/tienda\/wp-json\/wp\/v2\/media\/393"}],"wp:attachment":[{"href":"https:\/\/www.reparaexpress.es\/tienda\/wp-json\/wp\/v2\/media?parent=389"}],"wp:term":[{"taxonomy":"product_brand","embeddable":true,"href":"https:\/\/www.reparaexpress.es\/tienda\/wp-json\/wp\/v2\/product_brand?post=389"},{"taxonomy":"product_cat","embeddable":true,"href":"https:\/\/www.reparaexpress.es\/tienda\/wp-json\/wp\/v2\/product_cat?post=389"},{"taxonomy":"product_tag","embeddable":true,"href":"https:\/\/www.reparaexpress.es\/tienda\/wp-json\/wp\/v2\/product_tag?post=389"}],"curies":[{"name":"wp","href":"https:\/\/api.w.org\/{rel}","templated":true}]}}