{"id":398,"date":"2022-05-05T17:22:49","date_gmt":"2022-05-05T17:22:49","guid":{"rendered":"https:\/\/www.reparaexpress.es\/tienda\/?post_type=product&#038;p=398"},"modified":"2022-05-05T17:22:50","modified_gmt":"2022-05-05T17:22:50","slug":"genius-dx-110-raton-optico-ps-2-1000-dpi-negro","status":"publish","type":"product","link":"https:\/\/www.reparaexpress.es\/tienda\/producto\/genius-dx-110-raton-optico-ps-2-1000-dpi-negro\/","title":{"rendered":"Genius DX-110 Rat\u00f3n \u00d3ptico PS\/2 1000 DPI Negro"},"content":{"rendered":"<ul>\n<li><strong>Rat\u00f3n<\/strong><\/li>\n<li>Utilizar con: Oficina<\/li>\n<li>Interfaz del dispositivo: PS\/2<\/li>\n<li>Tecnolog\u00eda de detecci\u00f3n de movimientos: \u00d3ptico<\/li>\n<li>Tipo de botones: Botones presionados<\/li>\n<li>Tipo de desplazamiento: Rueda<\/li>\n<li>Cantidad de botones: 3<\/li>\n<li>Resoluci\u00f3n de movimiento: 1000 DPI<\/li>\n<li>N\u00famero de ruedas de desplazamiento: 1<\/li>\n<\/ul>\n","protected":false},"excerpt":{"rendered":"<p>Genius DX-110. Factor de forma: Ambidextro. Tecnolog\u00eda de detecci\u00f3n de movimientos: \u00d3ptico, Interfaz del dispositivo: PS\/2, Resoluci\u00f3n de movimiento: 1000 DPI, Tipo de botones: Botones presionados, Cantidad de botones: 3, Tipo de desplazamiento: Rueda. Color del producto: Negro<\/p>\n","protected":false},"featured_media":399,"comment_status":"open","ping_status":"closed","template":"","meta":{"_joinchat":[]},"product_brand":[],"product_cat":[42,44],"product_tag":[66,67,68],"class_list":{"0":"post-398","1":"product","2":"type-product","3":"status-publish","4":"has-post-thumbnail","6":"product_cat-perifericos","7":"product_cat-ratones","8":"product_tag-ordenador","9":"product_tag-raton","10":"product_tag-ratones","12":"first","13":"instock","14":"taxable","15":"shipping-taxable","16":"purchasable","17":"product-type-simple"},"jetpack_sharing_enabled":true,"_links":{"self":[{"href":"https:\/\/www.reparaexpress.es\/tienda\/wp-json\/wp\/v2\/product\/398","targetHints":{"allow":["GET"]}}],"collection":[{"href":"https:\/\/www.reparaexpress.es\/tienda\/wp-json\/wp\/v2\/product"}],"about":[{"href":"https:\/\/www.reparaexpress.es\/tienda\/wp-json\/wp\/v2\/types\/product"}],"replies":[{"embeddable":true,"href":"https:\/\/www.reparaexpress.es\/tienda\/wp-json\/wp\/v2\/comments?post=398"}],"wp:featuredmedia":[{"embeddable":true,"href":"https:\/\/www.reparaexpress.es\/tienda\/wp-json\/wp\/v2\/media\/399"}],"wp:attachment":[{"href":"https:\/\/www.reparaexpress.es\/tienda\/wp-json\/wp\/v2\/media?parent=398"}],"wp:term":[{"taxonomy":"product_brand","embeddable":true,"href":"https:\/\/www.reparaexpress.es\/tienda\/wp-json\/wp\/v2\/product_brand?post=398"},{"taxonomy":"product_cat","embeddable":true,"href":"https:\/\/www.reparaexpress.es\/tienda\/wp-json\/wp\/v2\/product_cat?post=398"},{"taxonomy":"product_tag","embeddable":true,"href":"https:\/\/www.reparaexpress.es\/tienda\/wp-json\/wp\/v2\/product_tag?post=398"}],"curies":[{"name":"wp","href":"https:\/\/api.w.org\/{rel}","templated":true}]}}