{"id":425,"date":"2022-05-05T17:42:15","date_gmt":"2022-05-05T17:42:15","guid":{"rendered":"https:\/\/www.reparaexpress.es\/tienda\/?post_type=product&#038;p=425"},"modified":"2022-05-05T17:42:15","modified_gmt":"2022-05-05T17:42:15","slug":"raton-optico-1000dpi-con-cable-usb","status":"publish","type":"product","link":"https:\/\/www.reparaexpress.es\/tienda\/producto\/raton-optico-1000dpi-con-cable-usb\/","title":{"rendered":"Rat\u00f3n \u00d3ptico 1000dpi con Cable USB"},"content":{"rendered":"<ul>\n<li><span class=\"a-list-item\">\u00a0Rat\u00f3n \u00f3ptico de 1000 dpi de resoluci\u00f3n con conexi\u00f3n USB para aquellos que exigen precisi\u00f3n en el movimiento.<\/span><\/li>\n<li><span class=\"a-list-item\">Conexi\u00f3n a trav\u00e9s de su cable USB y compatible con todas las plataformas.<\/span><\/li>\n<li><span class=\"a-list-item\">Dispone de scroll vertical, 3 pulsadores y Thumb Control.<\/span><\/li>\n<li><span class=\"a-list-item\">Ergonom\u00eda ambidiestra: puede ser utilizado tanto por usuarios diestros como zurdos.<\/span><\/li>\n<\/ul>\n","protected":false},"excerpt":{"rendered":"<p>\u00a0Rat\u00f3n \u00f3ptico de 1000 dpi de resoluci\u00f3n con conexi\u00f3n USB para aquellos que exigen precisi\u00f3n en el movimiento. Conexi\u00f3n a trav\u00e9s de su cable USB y compatible con todas las plataformas. Dispone de scroll vertical, 3 pulsadores y Thumb Control. Ergonom\u00eda ambidiestra: puede ser utilizado tanto por usuarios diestros como zurdos.<\/p>\n","protected":false},"featured_media":430,"comment_status":"open","ping_status":"closed","template":"","meta":{"_joinchat":[]},"product_brand":[],"product_cat":[42,44],"product_tag":[],"class_list":{"0":"post-425","1":"product","2":"type-product","3":"status-publish","4":"has-post-thumbnail","6":"product_cat-perifericos","7":"product_cat-ratones","9":"first","10":"instock","11":"taxable","12":"shipping-taxable","13":"purchasable","14":"product-type-simple"},"jetpack_sharing_enabled":true,"_links":{"self":[{"href":"https:\/\/www.reparaexpress.es\/tienda\/wp-json\/wp\/v2\/product\/425","targetHints":{"allow":["GET"]}}],"collection":[{"href":"https:\/\/www.reparaexpress.es\/tienda\/wp-json\/wp\/v2\/product"}],"about":[{"href":"https:\/\/www.reparaexpress.es\/tienda\/wp-json\/wp\/v2\/types\/product"}],"replies":[{"embeddable":true,"href":"https:\/\/www.reparaexpress.es\/tienda\/wp-json\/wp\/v2\/comments?post=425"}],"wp:featuredmedia":[{"embeddable":true,"href":"https:\/\/www.reparaexpress.es\/tienda\/wp-json\/wp\/v2\/media\/430"}],"wp:attachment":[{"href":"https:\/\/www.reparaexpress.es\/tienda\/wp-json\/wp\/v2\/media?parent=425"}],"wp:term":[{"taxonomy":"product_brand","embeddable":true,"href":"https:\/\/www.reparaexpress.es\/tienda\/wp-json\/wp\/v2\/product_brand?post=425"},{"taxonomy":"product_cat","embeddable":true,"href":"https:\/\/www.reparaexpress.es\/tienda\/wp-json\/wp\/v2\/product_cat?post=425"},{"taxonomy":"product_tag","embeddable":true,"href":"https:\/\/www.reparaexpress.es\/tienda\/wp-json\/wp\/v2\/product_tag?post=425"}],"curies":[{"name":"wp","href":"https:\/\/api.w.org\/{rel}","templated":true}]}}