{"id":432,"date":"2022-05-05T17:48:24","date_gmt":"2022-05-05T17:48:24","guid":{"rendered":"https:\/\/www.reparaexpress.es\/tienda\/?post_type=product&#038;p=432"},"modified":"2022-05-05T17:48:25","modified_gmt":"2022-05-05T17:48:25","slug":"raton-optico-con-cable-1000dpi","status":"publish","type":"product","link":"https:\/\/www.reparaexpress.es\/tienda\/producto\/raton-optico-con-cable-1000dpi\/","title":{"rendered":"Raton \u00f3ptico con cable 1000Dpi"},"content":{"rendered":"<ul>\n<li>Rat\u00f3n \u00f3ptico de 100 dpi por cable con conexi\u00f3n USB.<\/li>\n<li>Incorpora 2 botones y una rueda de desplazamiento que proporciona un control excelente.<\/li>\n<li>Instalaci\u00f3n \u201cPlug and Play\u201d.<\/li>\n<li>Para ambidiestros.<\/li>\n<li>Su tama\u00f1o medio es ideal para ordenadores de sobremesa y port\u00e1tiles.<\/li>\n<\/ul>\n","protected":false},"excerpt":{"rendered":"<p>Rat\u00f3n \u00f3ptico de 100 dpi por cable con conexi\u00f3n USB. Incorpora 2 botones y una rueda de desplazamiento que proporciona un control excelente. Instalaci\u00f3n \u201cPlug and Play\u201d. Para ambidiestros. Su tama\u00f1o medio es ideal para ordenadores de sobremesa y port\u00e1tiles.<\/p>\n","protected":false},"featured_media":433,"comment_status":"open","ping_status":"closed","template":"","meta":{"_joinchat":[]},"product_brand":[],"product_cat":[42,44],"product_tag":[],"class_list":{"0":"post-432","1":"product","2":"type-product","3":"status-publish","4":"has-post-thumbnail","6":"product_cat-perifericos","7":"product_cat-ratones","9":"first","10":"instock","11":"taxable","12":"shipping-taxable","13":"purchasable","14":"product-type-simple"},"jetpack_sharing_enabled":true,"_links":{"self":[{"href":"https:\/\/www.reparaexpress.es\/tienda\/wp-json\/wp\/v2\/product\/432","targetHints":{"allow":["GET"]}}],"collection":[{"href":"https:\/\/www.reparaexpress.es\/tienda\/wp-json\/wp\/v2\/product"}],"about":[{"href":"https:\/\/www.reparaexpress.es\/tienda\/wp-json\/wp\/v2\/types\/product"}],"replies":[{"embeddable":true,"href":"https:\/\/www.reparaexpress.es\/tienda\/wp-json\/wp\/v2\/comments?post=432"}],"wp:featuredmedia":[{"embeddable":true,"href":"https:\/\/www.reparaexpress.es\/tienda\/wp-json\/wp\/v2\/media\/433"}],"wp:attachment":[{"href":"https:\/\/www.reparaexpress.es\/tienda\/wp-json\/wp\/v2\/media?parent=432"}],"wp:term":[{"taxonomy":"product_brand","embeddable":true,"href":"https:\/\/www.reparaexpress.es\/tienda\/wp-json\/wp\/v2\/product_brand?post=432"},{"taxonomy":"product_cat","embeddable":true,"href":"https:\/\/www.reparaexpress.es\/tienda\/wp-json\/wp\/v2\/product_cat?post=432"},{"taxonomy":"product_tag","embeddable":true,"href":"https:\/\/www.reparaexpress.es\/tienda\/wp-json\/wp\/v2\/product_tag?post=432"}],"curies":[{"name":"wp","href":"https:\/\/api.w.org\/{rel}","templated":true}]}}