{"id":442,"date":"2022-05-05T17:56:11","date_gmt":"2022-05-05T17:56:11","guid":{"rendered":"https:\/\/www.reparaexpress.es\/tienda\/?post_type=product&#038;p=442"},"modified":"2022-05-28T16:27:33","modified_gmt":"2022-05-28T16:27:33","slug":"raton-inalambrico","status":"publish","type":"product","link":"https:\/\/www.reparaexpress.es\/tienda\/producto\/raton-inalambrico\/","title":{"rendered":"Rat\u00f3n inal\u00e1mbrico"},"content":{"rendered":"<p>El rat\u00f3n inal\u00e1mbrico TM-200 de Trust garantiza un funcionamiento f\u00e1cil y fluido. Su dise\u00f1o inal\u00e1mbrico ofrece total libertad de uso para un flujo de trabajo optimizado y, gracias a los laterales de goma integrados, los usuarios pueden trabajar c\u00f3modamente durante todo el d\u00eda. El rat\u00f3n se controla con 3 botones, y, gracias a su sensor \u00f3ptico, trabaja con precisi\u00f3n en una gran variedad de superficies.<\/p>\n","protected":false},"excerpt":{"rendered":"<h1>Rat\u00f3n inal\u00e1mbrico<\/h1>\n<p>Compacto rat\u00f3n \u00f3ptico inal\u00e1mbrico con c\u00f3moda forma<\/p>\n","protected":false},"featured_media":445,"comment_status":"open","ping_status":"closed","template":"","meta":{"_joinchat":[]},"product_brand":[],"product_cat":[42,44],"product_tag":[83,67,68],"class_list":{"0":"post-442","1":"product","2":"type-product","3":"status-publish","4":"has-post-thumbnail","6":"product_cat-perifericos","7":"product_cat-ratones","8":"product_tag-rat","9":"product_tag-raton","10":"product_tag-ratones","12":"first","13":"instock","14":"taxable","15":"shipping-taxable","16":"purchasable","17":"product-type-simple"},"jetpack_sharing_enabled":true,"_links":{"self":[{"href":"https:\/\/www.reparaexpress.es\/tienda\/wp-json\/wp\/v2\/product\/442","targetHints":{"allow":["GET"]}}],"collection":[{"href":"https:\/\/www.reparaexpress.es\/tienda\/wp-json\/wp\/v2\/product"}],"about":[{"href":"https:\/\/www.reparaexpress.es\/tienda\/wp-json\/wp\/v2\/types\/product"}],"replies":[{"embeddable":true,"href":"https:\/\/www.reparaexpress.es\/tienda\/wp-json\/wp\/v2\/comments?post=442"}],"wp:featuredmedia":[{"embeddable":true,"href":"https:\/\/www.reparaexpress.es\/tienda\/wp-json\/wp\/v2\/media\/445"}],"wp:attachment":[{"href":"https:\/\/www.reparaexpress.es\/tienda\/wp-json\/wp\/v2\/media?parent=442"}],"wp:term":[{"taxonomy":"product_brand","embeddable":true,"href":"https:\/\/www.reparaexpress.es\/tienda\/wp-json\/wp\/v2\/product_brand?post=442"},{"taxonomy":"product_cat","embeddable":true,"href":"https:\/\/www.reparaexpress.es\/tienda\/wp-json\/wp\/v2\/product_cat?post=442"},{"taxonomy":"product_tag","embeddable":true,"href":"https:\/\/www.reparaexpress.es\/tienda\/wp-json\/wp\/v2\/product_tag?post=442"}],"curies":[{"name":"wp","href":"https:\/\/api.w.org\/{rel}","templated":true}]}}