{"id":454,"date":"2022-05-06T08:43:25","date_gmt":"2022-05-06T08:43:25","guid":{"rendered":"https:\/\/www.reparaexpress.es\/tienda\/?post_type=product&#038;p=454"},"modified":"2022-05-28T16:24:50","modified_gmt":"2022-05-28T16:24:50","slug":"logitech-m171-raton-inalambrico","status":"publish","type":"product","link":"https:\/\/www.reparaexpress.es\/tienda\/producto\/logitech-m171-raton-inalambrico\/","title":{"rendered":"Logitech M171 Rat\u00f3n Inal\u00e1mbrico"},"content":{"rendered":"<p>El rat\u00f3n\u00a0M171 est\u00e1 listo cuando t\u00fa quieras. Simplemente conecta el receptor a un puerto USB de tu dispositivo para empezar a trabajar en cuesti\u00f3n de segundos. Con su peque\u00f1o tama\u00f1o y el fluido control del cursor, es genial para espacios de trabajo reducidos y mesas llenas de cosas. \u00a1Disfruta del mundo inal\u00e1mbrico!<\/p>\n","protected":false},"excerpt":{"rendered":"<p><span id=\"productTitle\" class=\"a-size-large product-title-word-break\">Logitech M171 Rat\u00f3n Inal\u00e1mbrico, 2,4 GHz con Nano Receptor USB, Seguimiento \u00d3ptico, Bater\u00eda , Ambidiestro, PC\/Mac\/Port\u00e1til, Negro<\/span><\/p>\n","protected":false},"featured_media":459,"comment_status":"open","ping_status":"closed","template":"","meta":{"_joinchat":[]},"product_brand":[],"product_cat":[42,44],"product_tag":[67,68],"class_list":{"0":"post-454","1":"product","2":"type-product","3":"status-publish","4":"has-post-thumbnail","6":"product_cat-perifericos","7":"product_cat-ratones","8":"product_tag-raton","9":"product_tag-ratones","11":"first","12":"instock","13":"taxable","14":"shipping-taxable","15":"purchasable","16":"product-type-simple"},"jetpack_sharing_enabled":true,"_links":{"self":[{"href":"https:\/\/www.reparaexpress.es\/tienda\/wp-json\/wp\/v2\/product\/454","targetHints":{"allow":["GET"]}}],"collection":[{"href":"https:\/\/www.reparaexpress.es\/tienda\/wp-json\/wp\/v2\/product"}],"about":[{"href":"https:\/\/www.reparaexpress.es\/tienda\/wp-json\/wp\/v2\/types\/product"}],"replies":[{"embeddable":true,"href":"https:\/\/www.reparaexpress.es\/tienda\/wp-json\/wp\/v2\/comments?post=454"}],"wp:featuredmedia":[{"embeddable":true,"href":"https:\/\/www.reparaexpress.es\/tienda\/wp-json\/wp\/v2\/media\/459"}],"wp:attachment":[{"href":"https:\/\/www.reparaexpress.es\/tienda\/wp-json\/wp\/v2\/media?parent=454"}],"wp:term":[{"taxonomy":"product_brand","embeddable":true,"href":"https:\/\/www.reparaexpress.es\/tienda\/wp-json\/wp\/v2\/product_brand?post=454"},{"taxonomy":"product_cat","embeddable":true,"href":"https:\/\/www.reparaexpress.es\/tienda\/wp-json\/wp\/v2\/product_cat?post=454"},{"taxonomy":"product_tag","embeddable":true,"href":"https:\/\/www.reparaexpress.es\/tienda\/wp-json\/wp\/v2\/product_tag?post=454"}],"curies":[{"name":"wp","href":"https:\/\/api.w.org\/{rel}","templated":true}]}}