{"id":460,"date":"2022-05-06T08:50:44","date_gmt":"2022-05-06T08:50:44","guid":{"rendered":"https:\/\/www.reparaexpress.es\/tienda\/?post_type=product&#038;p=460"},"modified":"2022-05-11T16:30:58","modified_gmt":"2022-05-11T16:30:58","slug":"auriculares-estereo-ios-android","status":"publish","type":"product","link":"https:\/\/www.reparaexpress.es\/tienda\/producto\/auriculares-estereo-ios-android\/","title":{"rendered":"Auriculares Est\u00e9reo iOS &#038; Android"},"content":{"rendered":"<p style=\"margin-top: 0px; margin-bottom: 0.8rem; font-family: Tajawal, sans-serif; font-size: 16px; background-color: #ffffff;\">Auriculares est\u00e9reo de c\u00e1psula con control, es elegante y moderno.Los auriculares ofrecen un sonido limpio y de calidad.<\/p>\n<p style=\"margin-top: 0px; margin-bottom: 0.8rem; font-family: Tajawal, sans-serif; font-size: 16px; background-color: #ffffff;\">Le permite recibir llamadas con el manos libres mientras escucha m\u00fasica a trav\u00e9s del bot\u00f3n multifuncional. Es compatible con una amplia gama de dispositivos con conector de Jack 3.5 mm, tal para iOS y Android.<\/p>\n","protected":false},"excerpt":{"rendered":"<p>Auriculares Est\u00e9reo iOS &amp; Android<\/p>\n","protected":false},"featured_media":462,"comment_status":"open","ping_status":"closed","template":"","meta":{"_joinchat":[]},"product_brand":[],"product_cat":[45,42],"product_tag":[72],"class_list":{"0":"post-460","1":"product","2":"type-product","3":"status-publish","4":"has-post-thumbnail","6":"product_cat-auriculares","7":"product_cat-perifericos","8":"product_tag-auriculares","10":"first","11":"outofstock","12":"taxable","13":"shipping-taxable","14":"purchasable","15":"product-type-variable"},"jetpack_sharing_enabled":true,"_links":{"self":[{"href":"https:\/\/www.reparaexpress.es\/tienda\/wp-json\/wp\/v2\/product\/460","targetHints":{"allow":["GET"]}}],"collection":[{"href":"https:\/\/www.reparaexpress.es\/tienda\/wp-json\/wp\/v2\/product"}],"about":[{"href":"https:\/\/www.reparaexpress.es\/tienda\/wp-json\/wp\/v2\/types\/product"}],"replies":[{"embeddable":true,"href":"https:\/\/www.reparaexpress.es\/tienda\/wp-json\/wp\/v2\/comments?post=460"}],"wp:featuredmedia":[{"embeddable":true,"href":"https:\/\/www.reparaexpress.es\/tienda\/wp-json\/wp\/v2\/media\/462"}],"wp:attachment":[{"href":"https:\/\/www.reparaexpress.es\/tienda\/wp-json\/wp\/v2\/media?parent=460"}],"wp:term":[{"taxonomy":"product_brand","embeddable":true,"href":"https:\/\/www.reparaexpress.es\/tienda\/wp-json\/wp\/v2\/product_brand?post=460"},{"taxonomy":"product_cat","embeddable":true,"href":"https:\/\/www.reparaexpress.es\/tienda\/wp-json\/wp\/v2\/product_cat?post=460"},{"taxonomy":"product_tag","embeddable":true,"href":"https:\/\/www.reparaexpress.es\/tienda\/wp-json\/wp\/v2\/product_tag?post=460"}],"curies":[{"name":"wp","href":"https:\/\/api.w.org\/{rel}","templated":true}]}}