{"id":468,"date":"2022-05-06T09:14:01","date_gmt":"2022-05-06T09:14:01","guid":{"rendered":"https:\/\/www.reparaexpress.es\/tienda\/?post_type=product&#038;p=468"},"modified":"2022-05-06T09:14:02","modified_gmt":"2022-05-06T09:14:02","slug":"auriculares-con-microfono-ngs","status":"publish","type":"product","link":"https:\/\/www.reparaexpress.es\/tienda\/producto\/auriculares-con-microfono-ngs\/","title":{"rendered":"Auriculares  con micr\u00f3fono NGS"},"content":{"rendered":"<ul style=\"margin: 0px 0px 1rem; padding: 0px 0px 0px 30px; border: 0px; list-style: circle; color: #212529; font-family: arial; font-size: 14px; font-weight: 600; background-color: #ffffff;\">\n<li style=\"margin: 0px 0px 10px; padding: 0px; border: 0px;\">Auriculares intraurales de pl\u00e1stico con micr\u00f3fono y conexi\u00f3n jack de 3,5 mm.<\/li>\n<li style=\"margin: 0px 0px 10px; padding: 0px; border: 0px;\">Compatibles con smartphones, reproductores de audio, tabletas y ordenadores port\u00e1tiles.<\/li>\n<li style=\"margin: 0px 0px 10px; padding: 0px; border: 0px;\">Gran calidad de sonido y durabilidad.<\/li>\n<li style=\"margin: 0px 0px 10px; padding: 0px; border: 0px;\">Equipado con un bot\u00f3n multifunci\u00f3n y tecnolog\u00eda del asistente de voz.<\/li>\n<li style=\"margin: 0px 0px 10px; padding: 0px; border: 0px;\">Controla la m\u00fasica: Play\/Pausa, canci\u00f3n anterior\/siguiente, con solo pulsar un bot\u00f3n<\/li>\n<li style=\"margin: 0px 0px 10px; padding: 0px; border: 0px;\">Micr\u00f3fono incorporado con el que puede responder y finalizar las llamadas sin tener que sacar el smartphone del bolsillo (funci\u00f3n manos libres).<\/li>\n<li style=\"margin: 0px 0px 10px; padding: 0px; border: 0px;\">Cable de dise\u00f1o plano de 120 cm que te permite moverse con libertad y evitar enredos.<\/li>\n<li style=\"margin: 0px 0px 10px; padding: 0px; border: 0px;\">Almohadillas de silicona ideales para entrenar o correr, ya que se adaptan a los o\u00eddos y evitan que se salgan.<\/li>\n<li style=\"margin: 0px 0px 10px; padding: 0px; border: 0px;\">Incluye auriculares en 3 tama\u00f1os diferentes (S(M\/L) para que se ajusten perfectamente a tus orejas.<\/li>\n<li style=\"margin: 0px 0px 10px; padding: 0px; border: 0px;\">Conexi\u00f3n jack de 3,5 mm.<\/li>\n<\/ul>\n","protected":false},"excerpt":{"rendered":"<ul style=\"margin: 0px 0px 1rem; padding: 0px 0px 0px 30px; border: 0px; list-style: circle; color: #212529; font-family: arial; font-size: 14px; font-weight: 600; background-color: #ffffff;\">\n<li style=\"margin: 0px 0px 10px; padding: 0px; border: 0px;\">Auriculares intraurales de pl\u00e1stico con micr\u00f3fono y conexi\u00f3n jack de 3,5 mm.<\/li>\n<\/ul>\n","protected":false},"featured_media":474,"comment_status":"open","ping_status":"closed","template":"","meta":{"_joinchat":[]},"product_brand":[],"product_cat":[45,42],"product_tag":[72],"class_list":{"0":"post-468","1":"product","2":"type-product","3":"status-publish","4":"has-post-thumbnail","6":"product_cat-auriculares","7":"product_cat-perifericos","8":"product_tag-auriculares","10":"first","11":"instock","12":"taxable","13":"shipping-taxable","14":"purchasable","15":"product-type-simple"},"jetpack_sharing_enabled":true,"_links":{"self":[{"href":"https:\/\/www.reparaexpress.es\/tienda\/wp-json\/wp\/v2\/product\/468","targetHints":{"allow":["GET"]}}],"collection":[{"href":"https:\/\/www.reparaexpress.es\/tienda\/wp-json\/wp\/v2\/product"}],"about":[{"href":"https:\/\/www.reparaexpress.es\/tienda\/wp-json\/wp\/v2\/types\/product"}],"replies":[{"embeddable":true,"href":"https:\/\/www.reparaexpress.es\/tienda\/wp-json\/wp\/v2\/comments?post=468"}],"wp:featuredmedia":[{"embeddable":true,"href":"https:\/\/www.reparaexpress.es\/tienda\/wp-json\/wp\/v2\/media\/474"}],"wp:attachment":[{"href":"https:\/\/www.reparaexpress.es\/tienda\/wp-json\/wp\/v2\/media?parent=468"}],"wp:term":[{"taxonomy":"product_brand","embeddable":true,"href":"https:\/\/www.reparaexpress.es\/tienda\/wp-json\/wp\/v2\/product_brand?post=468"},{"taxonomy":"product_cat","embeddable":true,"href":"https:\/\/www.reparaexpress.es\/tienda\/wp-json\/wp\/v2\/product_cat?post=468"},{"taxonomy":"product_tag","embeddable":true,"href":"https:\/\/www.reparaexpress.es\/tienda\/wp-json\/wp\/v2\/product_tag?post=468"}],"curies":[{"name":"wp","href":"https:\/\/api.w.org\/{rel}","templated":true}]}}