{"id":485,"date":"2022-05-06T09:40:30","date_gmt":"2022-05-06T09:40:30","guid":{"rendered":"https:\/\/www.reparaexpress.es\/tienda\/?post_type=product&#038;p=485"},"modified":"2022-05-06T09:42:36","modified_gmt":"2022-05-06T09:42:36","slug":"auriculares-estereo-ultraligeros-con-microfono","status":"publish","type":"product","link":"https:\/\/www.reparaexpress.es\/tienda\/producto\/auriculares-estereo-ultraligeros-con-microfono\/","title":{"rendered":"Auriculares est\u00e9reo ultraligeros con micr\u00f3fono"},"content":{"rendered":"<p class=\"fs-md\" style=\"margin-bottom: 1rem; margin-top: 0px; color: #4b566b; font-family: Rubik, sans-serif; background-color: #ffffff; font-size: 0.9375rem;\">Auriculares est\u00e9reo ultraligeros con micr\u00f3fono flexible ajustable que permiten la comunicaci\u00f3n manos libres.<\/p>\n<div id=\"product-characteristics-container\" style=\"color: #4b566b; font-family: Rubik, sans-serif; font-size: 16px; background-color: #ffffff;\">\n<div class=\"product-specs fs-md\" style=\"font-size: 1rem; line-height: 1.5;\">\n<ul style=\"padding-left: 1rem; margin-bottom: 1rem; margin-top: 0px; list-style: none;\">\n<li style=\"list-style-type: none; margin-bottom: 1rem; padding-left: 1rem;\">Auriculares est\u00e9reo ultraligeros con micr\u00f3fono flexible ajustable que permiten la comunicaci\u00f3n manos libres<\/li>\n<li style=\"list-style-type: none; margin-bottom: 1rem; padding-left: 1rem;\">Ideales para sesiones de juegos en l\u00ednea, escuchar m\u00fasica y utilizar aplicaciones con voz como Skype<\/li>\n<li style=\"list-style-type: none; margin-bottom: 1rem; padding-left: 1rem;\">C\u00f3modo dise\u00f1o con almohadillas blandas y suaves y banda ajustable para la cabeza<\/li>\n<li style=\"list-style-type: none; margin-bottom: 1rem; padding-left: 1rem;\">Micr\u00f3fono de alta sensibilidad y dise\u00f1o flexible que ofrece una calidad de voz n\u00edtida<\/li>\n<\/ul>\n<\/div>\n<\/div>\n","protected":false},"excerpt":{"rendered":"<p>Auriculares est\u00e9reo ultraligeros con micr\u00f3fono flexible ajustable que permiten la comunicaci\u00f3n manos libres.2<\/p>\n","protected":false},"featured_media":486,"comment_status":"open","ping_status":"closed","template":"","meta":{"_joinchat":[]},"product_brand":[],"product_cat":[45,42],"product_tag":[72],"class_list":{"0":"post-485","1":"product","2":"type-product","3":"status-publish","4":"has-post-thumbnail","6":"product_cat-auriculares","7":"product_cat-perifericos","8":"product_tag-auriculares","10":"first","11":"instock","12":"taxable","13":"shipping-taxable","14":"purchasable","15":"product-type-simple"},"jetpack_sharing_enabled":true,"_links":{"self":[{"href":"https:\/\/www.reparaexpress.es\/tienda\/wp-json\/wp\/v2\/product\/485","targetHints":{"allow":["GET"]}}],"collection":[{"href":"https:\/\/www.reparaexpress.es\/tienda\/wp-json\/wp\/v2\/product"}],"about":[{"href":"https:\/\/www.reparaexpress.es\/tienda\/wp-json\/wp\/v2\/types\/product"}],"replies":[{"embeddable":true,"href":"https:\/\/www.reparaexpress.es\/tienda\/wp-json\/wp\/v2\/comments?post=485"}],"wp:featuredmedia":[{"embeddable":true,"href":"https:\/\/www.reparaexpress.es\/tienda\/wp-json\/wp\/v2\/media\/486"}],"wp:attachment":[{"href":"https:\/\/www.reparaexpress.es\/tienda\/wp-json\/wp\/v2\/media?parent=485"}],"wp:term":[{"taxonomy":"product_brand","embeddable":true,"href":"https:\/\/www.reparaexpress.es\/tienda\/wp-json\/wp\/v2\/product_brand?post=485"},{"taxonomy":"product_cat","embeddable":true,"href":"https:\/\/www.reparaexpress.es\/tienda\/wp-json\/wp\/v2\/product_cat?post=485"},{"taxonomy":"product_tag","embeddable":true,"href":"https:\/\/www.reparaexpress.es\/tienda\/wp-json\/wp\/v2\/product_tag?post=485"}],"curies":[{"name":"wp","href":"https:\/\/api.w.org\/{rel}","templated":true}]}}