{"id":491,"date":"2022-05-06T09:46:24","date_gmt":"2022-05-06T09:46:24","guid":{"rendered":"https:\/\/www.reparaexpress.es\/tienda\/?post_type=product&#038;p=491"},"modified":"2022-05-10T16:45:12","modified_gmt":"2022-05-10T16:45:12","slug":"auriculares-con-microfono-para-pc","status":"publish","type":"product","link":"https:\/\/www.reparaexpress.es\/tienda\/producto\/auriculares-con-microfono-para-pc\/","title":{"rendered":"Auriculares con Micr\u00f3fono para PC"},"content":{"rendered":"<p>Auriculares ligeros para ordenador, tanto port\u00e1til como de sobremesa, apto para videoconferencias y aplicaciones de v\u00eddeo y chat (Skype, Zoom, Meets,<\/p>\n","protected":false},"excerpt":{"rendered":"<h5 id=\"title\" class=\"a-size-large a-spacing-none\" style=\"padding: 0px; font-weight: 400; color: #0f1111; font-family: 'Amazon Ember', Arial, sans-serif; background-color: #ffffff; font-size: 24px; line-height: 32px; margin: 0px 0px 0px 0px;\"><span id=\"productTitle\" class=\"a-size-large product-title-word-break\" style=\"line-height: 32px;\">Auriculares con Micr\u00f3fono para PC con Control de Volumen, Auricular con Cable y Conexi\u00f3n Doble Jack 3,5mm<\/span><\/h5>\n","protected":false},"featured_media":492,"comment_status":"open","ping_status":"closed","template":"","meta":{"_joinchat":[]},"product_brand":[],"product_cat":[45,42],"product_tag":[72],"class_list":{"0":"post-491","1":"product","2":"type-product","3":"status-publish","4":"has-post-thumbnail","6":"product_cat-auriculares","7":"product_cat-perifericos","8":"product_tag-auriculares","10":"first","11":"instock","12":"taxable","13":"shipping-taxable","14":"purchasable","15":"product-type-simple"},"jetpack_sharing_enabled":true,"_links":{"self":[{"href":"https:\/\/www.reparaexpress.es\/tienda\/wp-json\/wp\/v2\/product\/491","targetHints":{"allow":["GET"]}}],"collection":[{"href":"https:\/\/www.reparaexpress.es\/tienda\/wp-json\/wp\/v2\/product"}],"about":[{"href":"https:\/\/www.reparaexpress.es\/tienda\/wp-json\/wp\/v2\/types\/product"}],"replies":[{"embeddable":true,"href":"https:\/\/www.reparaexpress.es\/tienda\/wp-json\/wp\/v2\/comments?post=491"}],"wp:featuredmedia":[{"embeddable":true,"href":"https:\/\/www.reparaexpress.es\/tienda\/wp-json\/wp\/v2\/media\/492"}],"wp:attachment":[{"href":"https:\/\/www.reparaexpress.es\/tienda\/wp-json\/wp\/v2\/media?parent=491"}],"wp:term":[{"taxonomy":"product_brand","embeddable":true,"href":"https:\/\/www.reparaexpress.es\/tienda\/wp-json\/wp\/v2\/product_brand?post=491"},{"taxonomy":"product_cat","embeddable":true,"href":"https:\/\/www.reparaexpress.es\/tienda\/wp-json\/wp\/v2\/product_cat?post=491"},{"taxonomy":"product_tag","embeddable":true,"href":"https:\/\/www.reparaexpress.es\/tienda\/wp-json\/wp\/v2\/product_tag?post=491"}],"curies":[{"name":"wp","href":"https:\/\/api.w.org\/{rel}","templated":true}]}}