{"id":500,"date":"2022-05-06T10:39:59","date_gmt":"2022-05-06T10:39:59","guid":{"rendered":"https:\/\/www.reparaexpress.es\/tienda\/?post_type=product&#038;p=500"},"modified":"2022-05-06T10:40:42","modified_gmt":"2022-05-06T10:40:42","slug":"energy-sistem-sport-1-auriculares-deportivos-con-microfono","status":"publish","type":"product","link":"https:\/\/www.reparaexpress.es\/tienda\/producto\/energy-sistem-sport-1-auriculares-deportivos-con-microfono\/","title":{"rendered":"Energy Sistem Sport 1 Auriculares Deportivos con Micr\u00f3fono"},"content":{"rendered":"<p>Su resistencia al sudor y salpicaduras lo hace apto para superar las condiciones m\u00e1s exigentes, su bot\u00f3n con micr\u00f3fono integrado permite responder llamadas y controlar tu m\u00fasica.<\/p>\n","protected":false},"excerpt":{"rendered":"<p>Auriculares deportivos para llevar la \u00faltima tendencia con total comodidad<\/p>\n","protected":false},"featured_media":502,"comment_status":"open","ping_status":"closed","template":"","meta":{"_joinchat":[]},"product_brand":[],"product_cat":[45,42],"product_tag":[72],"class_list":{"0":"post-500","1":"product","2":"type-product","3":"status-publish","4":"has-post-thumbnail","6":"product_cat-auriculares","7":"product_cat-perifericos","8":"product_tag-auriculares","10":"first","11":"instock","12":"taxable","13":"shipping-taxable","14":"purchasable","15":"product-type-simple"},"jetpack_sharing_enabled":true,"_links":{"self":[{"href":"https:\/\/www.reparaexpress.es\/tienda\/wp-json\/wp\/v2\/product\/500","targetHints":{"allow":["GET"]}}],"collection":[{"href":"https:\/\/www.reparaexpress.es\/tienda\/wp-json\/wp\/v2\/product"}],"about":[{"href":"https:\/\/www.reparaexpress.es\/tienda\/wp-json\/wp\/v2\/types\/product"}],"replies":[{"embeddable":true,"href":"https:\/\/www.reparaexpress.es\/tienda\/wp-json\/wp\/v2\/comments?post=500"}],"wp:featuredmedia":[{"embeddable":true,"href":"https:\/\/www.reparaexpress.es\/tienda\/wp-json\/wp\/v2\/media\/502"}],"wp:attachment":[{"href":"https:\/\/www.reparaexpress.es\/tienda\/wp-json\/wp\/v2\/media?parent=500"}],"wp:term":[{"taxonomy":"product_brand","embeddable":true,"href":"https:\/\/www.reparaexpress.es\/tienda\/wp-json\/wp\/v2\/product_brand?post=500"},{"taxonomy":"product_cat","embeddable":true,"href":"https:\/\/www.reparaexpress.es\/tienda\/wp-json\/wp\/v2\/product_cat?post=500"},{"taxonomy":"product_tag","embeddable":true,"href":"https:\/\/www.reparaexpress.es\/tienda\/wp-json\/wp\/v2\/product_tag?post=500"}],"curies":[{"name":"wp","href":"https:\/\/api.w.org\/{rel}","templated":true}]}}