{"id":525,"date":"2022-05-06T12:00:30","date_gmt":"2022-05-06T12:00:30","guid":{"rendered":"https:\/\/www.reparaexpress.es\/tienda\/?post_type=product&#038;p=525"},"modified":"2022-05-06T12:04:00","modified_gmt":"2022-05-06T12:04:00","slug":"auriculares-clasico-3-5mm-edition","status":"publish","type":"product","link":"https:\/\/www.reparaexpress.es\/tienda\/producto\/auriculares-clasico-3-5mm-edition\/","title":{"rendered":"Auriculares Cl\u00e1sico 3.5MM Edition"},"content":{"rendered":"<p>Auriculares\u00a0\u00a0Cl\u00e1sico de c\u00e1psula con control, es elegante y moderno. Los auriculares ofrecen un sonido limpio y de calidad. Le permite recibir llamadas con el manos libres mientras escucha m\u00fasica a trav\u00e9s del bot\u00f3n multifuncional. Es compatible con una amplia gama de dispositivos con conector de Jack 3.5 mm, tal para iOS y Android<\/p>\n","protected":false},"excerpt":{"rendered":"<p>Auriculares\u00a0\u00a0Cl\u00e1sico de c\u00e1psula con control, es elegante y moderno. Los auriculares ofrecen un sonido limpio y de calidad<\/p>\n","protected":false},"featured_media":526,"comment_status":"open","ping_status":"closed","template":"","meta":{"_joinchat":[]},"product_brand":[],"product_cat":[45,42],"product_tag":[],"class_list":{"0":"post-525","1":"product","2":"type-product","3":"status-publish","4":"has-post-thumbnail","6":"product_cat-auriculares","7":"product_cat-perifericos","9":"first","10":"instock","11":"taxable","12":"shipping-taxable","13":"purchasable","14":"product-type-variable"},"jetpack_sharing_enabled":true,"_links":{"self":[{"href":"https:\/\/www.reparaexpress.es\/tienda\/wp-json\/wp\/v2\/product\/525","targetHints":{"allow":["GET"]}}],"collection":[{"href":"https:\/\/www.reparaexpress.es\/tienda\/wp-json\/wp\/v2\/product"}],"about":[{"href":"https:\/\/www.reparaexpress.es\/tienda\/wp-json\/wp\/v2\/types\/product"}],"replies":[{"embeddable":true,"href":"https:\/\/www.reparaexpress.es\/tienda\/wp-json\/wp\/v2\/comments?post=525"}],"wp:featuredmedia":[{"embeddable":true,"href":"https:\/\/www.reparaexpress.es\/tienda\/wp-json\/wp\/v2\/media\/526"}],"wp:attachment":[{"href":"https:\/\/www.reparaexpress.es\/tienda\/wp-json\/wp\/v2\/media?parent=525"}],"wp:term":[{"taxonomy":"product_brand","embeddable":true,"href":"https:\/\/www.reparaexpress.es\/tienda\/wp-json\/wp\/v2\/product_brand?post=525"},{"taxonomy":"product_cat","embeddable":true,"href":"https:\/\/www.reparaexpress.es\/tienda\/wp-json\/wp\/v2\/product_cat?post=525"},{"taxonomy":"product_tag","embeddable":true,"href":"https:\/\/www.reparaexpress.es\/tienda\/wp-json\/wp\/v2\/product_tag?post=525"}],"curies":[{"name":"wp","href":"https:\/\/api.w.org\/{rel}","templated":true}]}}