{"id":590,"date":"2022-05-10T08:46:01","date_gmt":"2022-05-10T08:46:01","guid":{"rendered":"https:\/\/www.reparaexpress.es\/tienda\/?post_type=product&#038;p=590"},"modified":"2022-05-10T09:04:44","modified_gmt":"2022-05-10T09:04:44","slug":"tp-link-tl-wn725n-nano-adaptador-wifi-usb-150mbps","status":"publish","type":"product","link":"https:\/\/www.reparaexpress.es\/tienda\/producto\/tp-link-tl-wn725n-nano-adaptador-wifi-usb-150mbps\/","title":{"rendered":"TP-Link TL-WN725N Nano Adaptador WiFi USB 150Mbps"},"content":{"rendered":"<ul>\n<li>Dise\u00f1o liso y brillante en miniatura tan peque\u00f1o que una vez conectado, puede dejarlo en un puerto USB de la Laptop<\/li>\n<li>R\u00e1pida transmisi\u00f3n de velocidad de hasta 150Mbps ideal para el streaming de video o llamadas por internet<\/li>\n<li>Seguridad avanzada: Soporta 64\/128 WEP, WPA, PA2\/WPA-PSK\/WPA2-PSK(TKIP\/AES)<\/li>\n<li>Con\u00e9ctese de inmediato con la f\u00e1cil utilidad de instalaci\u00f3n en 14 idiomas<\/li>\n<\/ul>\n","protected":false},"excerpt":{"rendered":"<p>Con su tama\u00f1o en miniatura y su dise\u00f1o liso y brillante, los usuarios pueden conectar el adaptador nano a cualquier puerto USB y dejarlo ah\u00ed. No tiene que preocuparse por bloquear las interfaces USB adyacentes o porque el adaptador pueda caerse cuando mueve una laptop conectada del lugar A al B, con el diminuto dispositivo colocado en el puerto USB<\/p>\n","protected":false},"featured_media":593,"comment_status":"open","ping_status":"closed","template":"","meta":{"_joinchat":[]},"product_brand":[],"product_cat":[75],"product_tag":[78,80,79],"class_list":{"0":"post-590","1":"product","2":"type-product","3":"status-publish","4":"has-post-thumbnail","6":"product_cat-redes","7":"product_tag-redes","8":"product_tag-usb","9":"product_tag-wifi","11":"first","12":"instock","13":"taxable","14":"shipping-taxable","15":"purchasable","16":"product-type-simple"},"jetpack_sharing_enabled":true,"_links":{"self":[{"href":"https:\/\/www.reparaexpress.es\/tienda\/wp-json\/wp\/v2\/product\/590","targetHints":{"allow":["GET"]}}],"collection":[{"href":"https:\/\/www.reparaexpress.es\/tienda\/wp-json\/wp\/v2\/product"}],"about":[{"href":"https:\/\/www.reparaexpress.es\/tienda\/wp-json\/wp\/v2\/types\/product"}],"replies":[{"embeddable":true,"href":"https:\/\/www.reparaexpress.es\/tienda\/wp-json\/wp\/v2\/comments?post=590"}],"wp:featuredmedia":[{"embeddable":true,"href":"https:\/\/www.reparaexpress.es\/tienda\/wp-json\/wp\/v2\/media\/593"}],"wp:attachment":[{"href":"https:\/\/www.reparaexpress.es\/tienda\/wp-json\/wp\/v2\/media?parent=590"}],"wp:term":[{"taxonomy":"product_brand","embeddable":true,"href":"https:\/\/www.reparaexpress.es\/tienda\/wp-json\/wp\/v2\/product_brand?post=590"},{"taxonomy":"product_cat","embeddable":true,"href":"https:\/\/www.reparaexpress.es\/tienda\/wp-json\/wp\/v2\/product_cat?post=590"},{"taxonomy":"product_tag","embeddable":true,"href":"https:\/\/www.reparaexpress.es\/tienda\/wp-json\/wp\/v2\/product_tag?post=590"}],"curies":[{"name":"wp","href":"https:\/\/api.w.org\/{rel}","templated":true}]}}