{"id":629,"date":"2022-05-12T11:50:53","date_gmt":"2022-05-12T11:50:53","guid":{"rendered":"https:\/\/www.reparaexpress.es\/tienda\/?post_type=product&#038;p=629"},"modified":"2022-05-12T11:50:54","modified_gmt":"2022-05-12T11:50:54","slug":"bluetooth-5-0-transmisor-de-audio-para-tv","status":"publish","type":"product","link":"https:\/\/www.reparaexpress.es\/tienda\/producto\/bluetooth-5-0-transmisor-de-audio-para-tv\/","title":{"rendered":"Bluetooth 5.0 +  Transmisor de audio para TV"},"content":{"rendered":"<ul class=\"a-unordered-list a-vertical a-spacing-mini\">\n<li><span class=\"a-list-item\">Modo de transmisi\u00f3n USB Bluetooth:<\/span><\/li>\n<li><span class=\"a-list-item\">1. El USB se conecta directamente a la interfaz USB de la computadora cuando se utiliza la tarjeta de sonido, la luz azul parpadea, enciende el auricular Bluetooth o el altavoz Bluetooth, ingresa el estado de emparejamiento, el transmisor Bluetooth buscar\u00e1 autom\u00e1ticamente la conexi\u00f3n, y la luz azul permanecer\u00e1 encendida despu\u00e9s de que la conexi\u00f3n sea exitosa.<\/span><\/li>\n<li><span class=\"a-list-item\">2. Para su uso en un televisor, conecta el USB a una UDB o cargador alimentado de 5 V, conecta el cable de audio al puerto de audio del televisor, ajusta el televisor a la salida de auriculares, la luz roja parpadea, enciende el auricular Bluetooth o el altavoz Bluetooth, ingresa el estado de emparejamiento, Bluetooth El transmisor buscar\u00e1 autom\u00e1ticamente la conexi\u00f3n, y la luz azul se encender\u00e1 despu\u00e9s de que la conexi\u00f3n sea exitosa.<\/span><\/li>\n<\/ul>\n","protected":false},"excerpt":{"rendered":"<ul class=\"a-unordered-list a-vertical a-spacing-mini\">\n<li><span class=\"a-list-item\">Contenido del paquete:<\/span><\/li>\n<li><span class=\"a-list-item\">1 adaptador de transmisor de audio Bluetooth 5.0.<\/span><\/li>\n<\/ul>\n","protected":false},"featured_media":634,"comment_status":"open","ping_status":"closed","template":"","meta":{"_joinchat":[]},"product_brand":[],"product_cat":[46,42],"product_tag":[88,89],"class_list":{"0":"post-629","1":"product","2":"type-product","3":"status-publish","4":"has-post-thumbnail","6":"product_cat-bluetooth","7":"product_cat-perifericos","8":"product_tag-bluetooth","9":"product_tag-transmisor-de-audio","11":"first","12":"instock","13":"taxable","14":"shipping-taxable","15":"purchasable","16":"product-type-simple"},"jetpack_sharing_enabled":true,"_links":{"self":[{"href":"https:\/\/www.reparaexpress.es\/tienda\/wp-json\/wp\/v2\/product\/629","targetHints":{"allow":["GET"]}}],"collection":[{"href":"https:\/\/www.reparaexpress.es\/tienda\/wp-json\/wp\/v2\/product"}],"about":[{"href":"https:\/\/www.reparaexpress.es\/tienda\/wp-json\/wp\/v2\/types\/product"}],"replies":[{"embeddable":true,"href":"https:\/\/www.reparaexpress.es\/tienda\/wp-json\/wp\/v2\/comments?post=629"}],"wp:featuredmedia":[{"embeddable":true,"href":"https:\/\/www.reparaexpress.es\/tienda\/wp-json\/wp\/v2\/media\/634"}],"wp:attachment":[{"href":"https:\/\/www.reparaexpress.es\/tienda\/wp-json\/wp\/v2\/media?parent=629"}],"wp:term":[{"taxonomy":"product_brand","embeddable":true,"href":"https:\/\/www.reparaexpress.es\/tienda\/wp-json\/wp\/v2\/product_brand?post=629"},{"taxonomy":"product_cat","embeddable":true,"href":"https:\/\/www.reparaexpress.es\/tienda\/wp-json\/wp\/v2\/product_cat?post=629"},{"taxonomy":"product_tag","embeddable":true,"href":"https:\/\/www.reparaexpress.es\/tienda\/wp-json\/wp\/v2\/product_tag?post=629"}],"curies":[{"name":"wp","href":"https:\/\/api.w.org\/{rel}","templated":true}]}}