{"id":647,"date":"2022-05-12T18:09:31","date_gmt":"2022-05-12T18:09:31","guid":{"rendered":"https:\/\/www.reparaexpress.es\/tienda\/?post_type=product&#038;p=647"},"modified":"2022-05-12T18:11:52","modified_gmt":"2022-05-12T18:11:52","slug":"mini-displayport-dp-macho-a-dvi-hdmi-vga","status":"publish","type":"product","link":"https:\/\/www.reparaexpress.es\/tienda\/producto\/mini-displayport-dp-macho-a-dvi-hdmi-vga\/","title":{"rendered":"Mini Displayport DP macho a DVI &#8211; HDMI -VGA"},"content":{"rendered":"<h1 class=\"product-title-text\" data-spm-anchor-id=\"a2g0o.detail.1000016.i4.7ce3731enJlfbE\">Adaptador de Audio 3 en 1 Mini Displayport DP macho a DVI HDMI VGA hembra, convertidor de Cable de puerto de pantalla para ordenador, PC y MacBook<\/h1>\n","protected":false},"excerpt":{"rendered":"<p class=\"detail-desc-decorate-title\"><strong><span data-spm-anchor-id=\"a2g0o.detail.1000023.i0.7ce3731enJlfbE\">aracter\u00edsticas:<\/span><\/strong><\/p>\n<p class=\"detail-desc-decorate-content\"><span data-spm-anchor-id=\"a2g0o.detail.1000023.i1.7ce3731enJlfbE\">Lleva v\u00eddeo y audio para apple MacBook Pro Air despu\u00e9s de la versi\u00f3n 2010.<br \/>\n100% nuevo, Plug and Play.<br \/>\nAdmite Conversi\u00f3n de se\u00f1al Thunderbolt\/ DisplayPort a se\u00f1al DVI\/ HDMI\/ Displayport.<br \/>\nSoporta Thunderbolt\/ DisplayPort resoluci\u00f3n de v\u00eddeo m\u00e1s alta 1920*1200.<br \/>\nSoporta HDMI\/ DVI resoluci\u00f3n de v\u00eddeo m\u00e1s alta 1920*1080p.<br \/>\nAdmite HDMI\/ DVI 225MHz\/2,25 Gbps por canal (6,75 Gbps todos los canales) ancho de banda<br \/>\nAdmite HDMI\/ DVI 12 bits por canal (todos los canales 36bit) color profundo.<br \/>\n<\/span><\/p>\n","protected":false},"featured_media":649,"comment_status":"open","ping_status":"closed","template":"","meta":{"_joinchat":[]},"product_brand":[],"product_cat":[90],"product_tag":[93,91,94],"class_list":{"0":"post-647","1":"product","2":"type-product","3":"status-publish","4":"has-post-thumbnail","6":"product_cat-conectividad","7":"product_tag-adaptador","8":"product_tag-convertidor","9":"product_tag-mini-displayport","11":"first","12":"instock","13":"taxable","14":"shipping-taxable","15":"purchasable","16":"product-type-simple"},"jetpack_sharing_enabled":true,"_links":{"self":[{"href":"https:\/\/www.reparaexpress.es\/tienda\/wp-json\/wp\/v2\/product\/647","targetHints":{"allow":["GET"]}}],"collection":[{"href":"https:\/\/www.reparaexpress.es\/tienda\/wp-json\/wp\/v2\/product"}],"about":[{"href":"https:\/\/www.reparaexpress.es\/tienda\/wp-json\/wp\/v2\/types\/product"}],"replies":[{"embeddable":true,"href":"https:\/\/www.reparaexpress.es\/tienda\/wp-json\/wp\/v2\/comments?post=647"}],"wp:featuredmedia":[{"embeddable":true,"href":"https:\/\/www.reparaexpress.es\/tienda\/wp-json\/wp\/v2\/media\/649"}],"wp:attachment":[{"href":"https:\/\/www.reparaexpress.es\/tienda\/wp-json\/wp\/v2\/media?parent=647"}],"wp:term":[{"taxonomy":"product_brand","embeddable":true,"href":"https:\/\/www.reparaexpress.es\/tienda\/wp-json\/wp\/v2\/product_brand?post=647"},{"taxonomy":"product_cat","embeddable":true,"href":"https:\/\/www.reparaexpress.es\/tienda\/wp-json\/wp\/v2\/product_cat?post=647"},{"taxonomy":"product_tag","embeddable":true,"href":"https:\/\/www.reparaexpress.es\/tienda\/wp-json\/wp\/v2\/product_tag?post=647"}],"curies":[{"name":"wp","href":"https:\/\/api.w.org\/{rel}","templated":true}]}}