{"id":653,"date":"2022-05-20T07:32:07","date_gmt":"2022-05-20T07:32:07","guid":{"rendered":"https:\/\/www.reparaexpress.es\/tienda\/?post_type=product&#038;p=653"},"modified":"2022-05-20T07:32:09","modified_gmt":"2022-05-20T07:32:09","slug":"consola-generica-retro","status":"publish","type":"product","link":"https:\/\/www.reparaexpress.es\/tienda\/producto\/consola-generica-retro\/","title":{"rendered":"Consola gen\u00e9rica retro"},"content":{"rendered":"<p>400 juegos cl\u00e1sicos incorporados que te llevan de regreso a tu infancia. entre ellos : -super mario , contra , snow bros , mortal kombat , aladin , bomber man , donkey kong , packman , spiderman. -Pantalla super ancha LCD de 3.0 pulgadas, sistema de juego digital. -Idiomas: ingl\u00e9s y chino. -Ultra delgado, port\u00e1til y moderno, f\u00e1cil de llevar, puedes jugar mientras viajas. -Dispositivo digital multiplataforma, puede jugar en TV. -Bater\u00eda: bater\u00eda recargable de ion litio 1000MA -Duraci\u00f3n de la bateria 6 hs. La caja Contiene : 1 * consola de juegos 1 manual de usuario 1 cable AV 1 cable USB<\/p>\n","protected":false},"excerpt":{"rendered":"<p>Consola gen\u00e9rica retro<\/p>\n<p>400 juegos cl\u00e1sicos incorporados que te llevan de regreso a tu infancia<\/p>\n","protected":false},"featured_media":654,"comment_status":"open","ping_status":"closed","template":"","meta":{"_joinchat":[]},"product_brand":[],"product_cat":[95],"product_tag":[96,97,98],"class_list":{"0":"post-653","1":"product","2":"type-product","3":"status-publish","4":"has-post-thumbnail","6":"product_cat-videojuegos","7":"product_tag-consola","8":"product_tag-juegos","9":"product_tag-retro","11":"first","12":"instock","13":"sale","14":"taxable","15":"shipping-taxable","16":"purchasable","17":"product-type-simple"},"jetpack_sharing_enabled":true,"_links":{"self":[{"href":"https:\/\/www.reparaexpress.es\/tienda\/wp-json\/wp\/v2\/product\/653","targetHints":{"allow":["GET"]}}],"collection":[{"href":"https:\/\/www.reparaexpress.es\/tienda\/wp-json\/wp\/v2\/product"}],"about":[{"href":"https:\/\/www.reparaexpress.es\/tienda\/wp-json\/wp\/v2\/types\/product"}],"replies":[{"embeddable":true,"href":"https:\/\/www.reparaexpress.es\/tienda\/wp-json\/wp\/v2\/comments?post=653"}],"wp:featuredmedia":[{"embeddable":true,"href":"https:\/\/www.reparaexpress.es\/tienda\/wp-json\/wp\/v2\/media\/654"}],"wp:attachment":[{"href":"https:\/\/www.reparaexpress.es\/tienda\/wp-json\/wp\/v2\/media?parent=653"}],"wp:term":[{"taxonomy":"product_brand","embeddable":true,"href":"https:\/\/www.reparaexpress.es\/tienda\/wp-json\/wp\/v2\/product_brand?post=653"},{"taxonomy":"product_cat","embeddable":true,"href":"https:\/\/www.reparaexpress.es\/tienda\/wp-json\/wp\/v2\/product_cat?post=653"},{"taxonomy":"product_tag","embeddable":true,"href":"https:\/\/www.reparaexpress.es\/tienda\/wp-json\/wp\/v2\/product_tag?post=653"}],"curies":[{"name":"wp","href":"https:\/\/api.w.org\/{rel}","templated":true}]}}