{"id":660,"date":"2022-05-23T10:45:39","date_gmt":"2022-05-23T10:45:39","guid":{"rendered":"https:\/\/www.reparaexpress.es\/tienda\/?post_type=product&#038;p=660"},"modified":"2022-05-23T10:45:40","modified_gmt":"2022-05-23T10:45:40","slug":"soporte-magnetico-iman-360o","status":"publish","type":"product","link":"https:\/\/www.reparaexpress.es\/tienda\/producto\/soporte-magnetico-iman-360o\/","title":{"rendered":"Soporte Magn\u00e9tico Iman 360\u00ba"},"content":{"rendered":"<p>Soporte de rejilla de autom\u00f3vil para smartphone de fuerte sujeci\u00f3n magn\u00e9tica.<\/p>\n<p>El soporte mantiene firme y seguro su tel\u00e9fono m\u00f3vil a la rejilla de ventilaci\u00f3n del coche mediante atracci\u00f3n magn\u00e9tica.<\/p>\n<p>Es totalmente ajustable y tiene una rotaci\u00f3n de 360\u00ba para una \u00f3ptima visualizaci\u00f3n.<\/p>\n<p>Sin duda, este es un soporte de fuerte sujeci\u00f3n y f\u00e1cil instalaci\u00f3n.<\/p>\n","protected":false},"excerpt":{"rendered":"<p>Soporte de rejilla de autom\u00f3vil para smartphone de fuerte sujeci\u00f3n magn\u00e9tica.<\/p>\n","protected":false},"featured_media":668,"comment_status":"open","ping_status":"closed","template":"","meta":{"_joinchat":[]},"product_brand":[],"product_cat":[99],"product_tag":[],"class_list":{"0":"post-660","1":"product","2":"type-product","3":"status-publish","4":"has-post-thumbnail","6":"product_cat-soportes","8":"first","9":"instock","10":"taxable","11":"shipping-taxable","12":"purchasable","13":"product-type-simple"},"jetpack_sharing_enabled":true,"_links":{"self":[{"href":"https:\/\/www.reparaexpress.es\/tienda\/wp-json\/wp\/v2\/product\/660","targetHints":{"allow":["GET"]}}],"collection":[{"href":"https:\/\/www.reparaexpress.es\/tienda\/wp-json\/wp\/v2\/product"}],"about":[{"href":"https:\/\/www.reparaexpress.es\/tienda\/wp-json\/wp\/v2\/types\/product"}],"replies":[{"embeddable":true,"href":"https:\/\/www.reparaexpress.es\/tienda\/wp-json\/wp\/v2\/comments?post=660"}],"wp:featuredmedia":[{"embeddable":true,"href":"https:\/\/www.reparaexpress.es\/tienda\/wp-json\/wp\/v2\/media\/668"}],"wp:attachment":[{"href":"https:\/\/www.reparaexpress.es\/tienda\/wp-json\/wp\/v2\/media?parent=660"}],"wp:term":[{"taxonomy":"product_brand","embeddable":true,"href":"https:\/\/www.reparaexpress.es\/tienda\/wp-json\/wp\/v2\/product_brand?post=660"},{"taxonomy":"product_cat","embeddable":true,"href":"https:\/\/www.reparaexpress.es\/tienda\/wp-json\/wp\/v2\/product_cat?post=660"},{"taxonomy":"product_tag","embeddable":true,"href":"https:\/\/www.reparaexpress.es\/tienda\/wp-json\/wp\/v2\/product_tag?post=660"}],"curies":[{"name":"wp","href":"https:\/\/api.w.org\/{rel}","templated":true}]}}