{"id":676,"date":"2022-05-23T11:00:12","date_gmt":"2022-05-23T11:00:12","guid":{"rendered":"https:\/\/www.reparaexpress.es\/tienda\/?post_type=product&#038;p=676"},"modified":"2022-05-23T11:04:52","modified_gmt":"2022-05-23T11:04:52","slug":"soporte-one-hand-gravity","status":"publish","type":"product","link":"https:\/\/www.reparaexpress.es\/tienda\/producto\/soporte-one-hand-gravity\/","title":{"rendered":"Soporte One Hand Gravity"},"content":{"rendered":"<p>Soporte de coche para smartphone para\u00a0sujetar en la rejilla de ventilaci\u00f3n de coche.<\/p>\n<p>El soporte regula por si mismo la amplitud y la extensi\u00f3n, permite al conductor introducir o extraer el smartphone con una sola mano, con un movimiento r\u00e1pido y c\u00f3modo.<\/p>\n<p>La almohadilla de goma de silicona permite un agarre fuerte y evitan ara\u00f1azos en las aspas de ventilaci\u00f3n.<\/p>\n","protected":false},"excerpt":{"rendered":"<p>Soporte de coche para smartphone para\u00a0sujetar en la rejilla de ventilaci\u00f3n de coche.<\/p>\n","protected":false},"featured_media":680,"comment_status":"open","ping_status":"closed","template":"","meta":{"_joinchat":[]},"product_brand":[],"product_cat":[99],"product_tag":[100],"class_list":{"0":"post-676","1":"product","2":"type-product","3":"status-publish","4":"has-post-thumbnail","6":"product_cat-soportes","7":"product_tag-soporte-movil","9":"first","10":"instock","11":"taxable","12":"shipping-taxable","13":"purchasable","14":"product-type-simple"},"jetpack_sharing_enabled":true,"_links":{"self":[{"href":"https:\/\/www.reparaexpress.es\/tienda\/wp-json\/wp\/v2\/product\/676","targetHints":{"allow":["GET"]}}],"collection":[{"href":"https:\/\/www.reparaexpress.es\/tienda\/wp-json\/wp\/v2\/product"}],"about":[{"href":"https:\/\/www.reparaexpress.es\/tienda\/wp-json\/wp\/v2\/types\/product"}],"replies":[{"embeddable":true,"href":"https:\/\/www.reparaexpress.es\/tienda\/wp-json\/wp\/v2\/comments?post=676"}],"wp:featuredmedia":[{"embeddable":true,"href":"https:\/\/www.reparaexpress.es\/tienda\/wp-json\/wp\/v2\/media\/680"}],"wp:attachment":[{"href":"https:\/\/www.reparaexpress.es\/tienda\/wp-json\/wp\/v2\/media?parent=676"}],"wp:term":[{"taxonomy":"product_brand","embeddable":true,"href":"https:\/\/www.reparaexpress.es\/tienda\/wp-json\/wp\/v2\/product_brand?post=676"},{"taxonomy":"product_cat","embeddable":true,"href":"https:\/\/www.reparaexpress.es\/tienda\/wp-json\/wp\/v2\/product_cat?post=676"},{"taxonomy":"product_tag","embeddable":true,"href":"https:\/\/www.reparaexpress.es\/tienda\/wp-json\/wp\/v2\/product_tag?post=676"}],"curies":[{"name":"wp","href":"https:\/\/api.w.org\/{rel}","templated":true}]}}