{"id":767,"date":"2022-05-30T10:44:50","date_gmt":"2022-05-30T10:44:50","guid":{"rendered":"https:\/\/www.reparaexpress.es\/tienda\/?post_type=product&#038;p=767"},"modified":"2022-06-15T18:43:07","modified_gmt":"2022-06-15T18:43:07","slug":"cargador-para-portatil-acer-aspire-5920-5920g-6920-6920g","status":"publish","type":"product","link":"https:\/\/www.reparaexpress.es\/tienda\/producto\/cargador-para-portatil-acer-aspire-5920-5920g-6920-6920g\/","title":{"rendered":"Cargador para port\u00e1til Acer Aspire 5920, 5920G, 6920, 6920G"},"content":{"rendered":"<p>Si necesita reemplazar el cargador de su computadora port\u00e1til Acer, ha venido al lugar correcto. A trav\u00e9s de nosotros puedes comprar el cargador para port\u00e1til Acer que est\u00e1s buscando. Podr\u00e1s seguir usando tu ordenador como si el cargador nunca se hubiera estropeado.<\/p>\n<p align=\"justify\"><strong>Modelos compatibles:<\/strong><\/p>\n<p>Acer Aspire 3820, 3820G, 3820TG, 3820TGZ, 4820, 4820TG, 5551G<\/p>\n<p>Acer Aspire 5520, 5315, 5920, 5920G, 7720, 7720G, 8930, 8930G, 8935<\/p>\n<p>Acer Ferrari 1000 Series<br \/>\nAcer Ferrari 1200, 1100<\/p>\n<p>Acer Aspire 1200 Series<br \/>\nAcer Aspire 1200, 1203XC<\/p>\n<p>Acer Aspire 1400 Series<br \/>\nAcer Aspire 1412WLMI, 1414, 1412, 1413, 1414LC, 1412LC, 1413LC, 1414LMI, 1412LCI, 1413LM, 1414WL, 1410T, 1410, 1412LM, 1413LMI, 1414WLCI, 1411, 1412LMI, 1413WLMI, 1414WLMI, 1411WLMI<\/p>\n<p>Acer Aspire 1600 Series<br \/>\nAcer Aspire 1600, 1691, 1681LC, 1692WLCI, 1681WLMI, 1694LMI, 1640, 1682WLM, 1641WLMI, 1684, 1651, 1690, 1654WLMI, 1691WL, 1681LCI, 1693, 1682, 1694WLCI, 1640LC, 1682WLMI, 1642, 1684WLMI, 1651WLCI, 1690LCI, 1680, 1691WLCI, 1681LMI, 1693WLCI, 1682LCI, 1694WLMI, 1641, 1683, 1642WLMI, 1685, 1651WLMI, 1690WLC, 1680WLCI, 1691WLMI, 1681WLC, 1693WLM, 1682LMI, 1695, 1641LCI, 1683LMI, 1644, 1685WLCI, 1652, 1690WLCI, 1680WLMI, 1692, 1681WLCI, 1693WLMI, 1682WLC, 1695WLMI, 1641LM, 1683WLM, 1644WLMI, 1685WLI, 1652WLMI, 1690WLMI, 1681, 1692LMI, 1681WLM, 1694, 1682WLCI, 1696WLMI, 1641LMI, 1683WLMI, 1650, 1685WLMI, 1654<\/p>\n<p>Acer Aspire Timeline 1800 Series<br \/>\nAcer Aspire Timeline 1810TZ<\/p>\n<p>Acer TravelMate 200 Series<br \/>\nAcer TravelMate 200, 219, 290XMI, 233XV, 223X, 291LCI-G, 200, 292EFX, 202, 272LC, 292EXCI, 210T, 273X, 293ELCI, 230XC, 212TXV, 290LCI, 220, 290XVI, 233XVI, 223XC, 291LCI-M11, 200DX, 292EFXC, 202T, 272X, 292FLMI, 210TER, 273XV, 293ELM, 230XV, 213T, 290LMI, 233, 222, 291, 234, 225X, 291LMI, 200T, 270, 292EFXCI, 202TE, 272XC, 292FXCI, 211T, 290, 293ELMI, 230XV-PRO, 213TX, 290X, 233LC, 222X, 291FLMI, 234LC, 225XC, 291LMI-G, 201, 270X, 292ELCI, 203T, 272XV, 292LCI, 212T, 290ATI, 293LCI, 213TXV, 290XCI, 233X, 223, 291FXCI, 234LCI, 225XV-PRO, 291XCI, 201DX, 270XV, 292ELMI, 210, 272XVI, 292XCI, 212TE, 290D, 293LMI, 214, 290XI, 233XC, 223SC, 291LCI, 230, 292, 201T, 272, 292EXC, 210DX, 273, 293ELC, 230X, 212TX, 290E<\/p>\n<p>Acer TravelMate 2000 Series<br \/>\nAcer TravelMate 2000, 2023LMI, 2003, 2025, 2003WLMI, 2026WLMI, 2012LC, 2000, 2013WLMI, 2001LC, 2020LC, 2002, 2023WLCI, 2003LC, 2025LMI, 2010, 2012LCI, 2000LCI, 2014, 2001LCE, 2020WLCI, 2002LCI, 2023WLMI, 2003LCI, 2025WLCI, 2010LMI, 2012LMI, 2000LMI, 2014WLMI, 2001LCI, 2021, 2002LMI, 2024, 2003LM, 2025WLMI, 2010WLCI, 2012WLCI, 2000WLCI, 2016, 2001LMI, 2021WLMI, 2002WLCI, 2024WLCI, 2003LMI, 2026, 2010WLMI, 2012WLMI, 2000WLMI, 2016WLMI, 2001WLCI, 2023, 2002WLMI, 2024WLMI, 2003WLCI, 2026LMI, 2012, 2013, 2001, 2020, 2001WLMI<\/p>\n<p>Acer TravelMate 2300 Series<br \/>\nAcer TravelMate 2300, 2313LMI, 2355NLMI, 2353, 2300, 2353NLCI, 2303LC, 2354NLC, 2355LM, 2313NL T, 2355XM, 2353LC, 2301LC, 2353WLMI, 2303LCI, 2354NLCI, 2355LMI, 2353LCI, 2301LCI, 2354, 2303WLCI, 2354NLM, 2355NLC, 2350, 2353LM, 2301WLCI, 2354LC, 2304LCI, 2354NLMI, 2310, 2355NLCI, 2353LMI, 2301XC, 2354LCI, 2304WLCI, 2355LC, 2312LCI, 2355NLM, 2352NLCI, 2353NLC, 2302, 2354LMI, 2355LCI<\/p>\n<p>Acer TravelMate 2400 Series<br \/>\nAcer TravelMate 2400, 2423, 2460, 2410, 2493NWLMI, 2412NLM, 2413NWLMI, 2414WLMI, 2423WXCI, 2480, 2410WLMI, 2493WLMI, 2413, 2413WLCI, 2419, 2423WXI, 2400, 2483, 2412, 2413LCI, 2413WLMI, 2419LCI, 2430, 2403, 2483WXMI, 2412LCI, 2482WXMI, 2413LMI, 2492NLMI, 2414, 2419NLCI, 2450, 2403WXCI, 2490, 2412LMI, 2484WXMI, 2413NLCI, 2414LMI, 2420, 2451, 2403WXMI, 2492WLMI, 2412NLC, 2413NLMI, 2414WLM<\/p>\n<p>Acer Extensa 2500 Series<br \/>\nAcer Extensa 2500, 2501LC, 2501LM, 2500, 2501FLC<\/p>\n<p>Preguntar por otros modelos<\/p>\n<p>&#8211;<\/p>\n<p>&nbsp;<\/p>\n","protected":false},"excerpt":{"rendered":"<h1 class=\"product_main_name\">CARGADOR PARA PORT\u00c1TIL ACER ASPIRE 5920 5920G 6920 6920G 90W<\/h1>\n<p>&nbsp;<\/p>\n","protected":false},"featured_media":765,"comment_status":"open","ping_status":"closed","template":"","meta":{"_joinchat":[]},"product_brand":[],"product_cat":[19,18],"product_tag":[25,122],"class_list":{"0":"post-767","1":"product","2":"type-product","3":"status-publish","4":"has-post-thumbnail","6":"product_cat-cargadores","7":"product_cat-cargadores-portatiles","8":"product_tag-cable-cargador","9":"product_tag-cargador-portatiles","11":"first","12":"instock","13":"taxable","14":"shipping-taxable","15":"purchasable","16":"product-type-simple"},"jetpack_sharing_enabled":true,"_links":{"self":[{"href":"https:\/\/www.reparaexpress.es\/tienda\/wp-json\/wp\/v2\/product\/767","targetHints":{"allow":["GET"]}}],"collection":[{"href":"https:\/\/www.reparaexpress.es\/tienda\/wp-json\/wp\/v2\/product"}],"about":[{"href":"https:\/\/www.reparaexpress.es\/tienda\/wp-json\/wp\/v2\/types\/product"}],"replies":[{"embeddable":true,"href":"https:\/\/www.reparaexpress.es\/tienda\/wp-json\/wp\/v2\/comments?post=767"}],"wp:featuredmedia":[{"embeddable":true,"href":"https:\/\/www.reparaexpress.es\/tienda\/wp-json\/wp\/v2\/media\/765"}],"wp:attachment":[{"href":"https:\/\/www.reparaexpress.es\/tienda\/wp-json\/wp\/v2\/media?parent=767"}],"wp:term":[{"taxonomy":"product_brand","embeddable":true,"href":"https:\/\/www.reparaexpress.es\/tienda\/wp-json\/wp\/v2\/product_brand?post=767"},{"taxonomy":"product_cat","embeddable":true,"href":"https:\/\/www.reparaexpress.es\/tienda\/wp-json\/wp\/v2\/product_cat?post=767"},{"taxonomy":"product_tag","embeddable":true,"href":"https:\/\/www.reparaexpress.es\/tienda\/wp-json\/wp\/v2\/product_tag?post=767"}],"curies":[{"name":"wp","href":"https:\/\/api.w.org\/{rel}","templated":true}]}}