{"id":799,"date":"2022-07-05T18:28:44","date_gmt":"2022-07-05T18:28:44","guid":{"rendered":"https:\/\/www.reparaexpress.es\/tienda\/?post_type=product&#038;p=799"},"modified":"2022-07-05T18:28:45","modified_gmt":"2022-07-05T18:28:45","slug":"xiaomi-mi-smart-speaker-altavoz-inteligente-blanco","status":"publish","type":"product","link":"https:\/\/www.reparaexpress.es\/tienda\/producto\/xiaomi-mi-smart-speaker-altavoz-inteligente-blanco\/","title":{"rendered":"Xiaomi Mi Smart Speaker Altavoz Inteligente Blanco"},"content":{"rendered":"<h2>Caracter\u00edsticas<\/h2>\n<ul>\n<li><strong>Controle su hogar \u2013 Smart Control Hub:\u00a0<\/strong>A trav\u00e9s del altavoz Mi Smart Speaker puedes controlar los dispositivos inteligentes Xiaomi, incluidos Mi TV, Mi Box, TV Stick, as\u00ed como purificadores de aire, aspiradoras robotizadas, c\u00e1maras de seguridad, l\u00e1mparas, ventiladores inteligentes, enchufes, proyectores es mucho m\u00e1s.<\/li>\n<li><strong>Control por voz:\u00a0<\/strong>Google Assistant y Chromecast est\u00e1n optimizados para este dispositivo, por lo que puedes escuchar m\u00fasica, consultar las noticias del d\u00eda, configurar alarmas, obtener todas las respuestas a tus preguntas y mucho m\u00e1s, solo con tu voz, manos libres.<\/li>\n<li><strong>Sonido brillante:\u00a0<\/strong>Disfrute de un sonido limpio, claro y rico en detalles que tambi\u00e9n llenar\u00e1 la habitaci\u00f3n a cualquier volumen. Adem\u00e1s es compatible con DTS Customized Sound.<\/li>\n<li><strong>Sonido est\u00e9reo:\u00a0<\/strong>Puedes emparejar dos altavoces Mi Smart Speaker \u00a0en el mismo espacio para lograr una separaci\u00f3n m\u00e1s detallada de est\u00e9reo y sonido. Tambi\u00e9n puede emparejar m\u00e1s para formar un sonido Surround.<\/li>\n<li><strong>M\u00fasica en abundancia:\u00a0<\/strong>Disfruta tambi\u00e9n de los servicios de m\u00fasica m\u00e1s famosos del mundo con una sola pregunta. Spotify, Youtube Music, Pandora, Deezer y Google Play Music, todos disponibles en su Mi Smart Speaker.<\/li>\n<li><strong>Dise\u00f1o compacto y minimalista:\u00a0<\/strong>Finalmente, con un panel t\u00e1ctil, un cuerpo de metal y un anillo de luz LED, el Mi Smart Speaker se adapta perfectamente a cualquier hogar y a cualquier habitaci\u00f3n. Xiaomi Mi Smart Speaker es, sin duda, una obra de dise\u00f1o inteligente en tu hogar.<\/li>\n<\/ul>\n","protected":false},"excerpt":{"rendered":"<p><strong>Xiaomi Mi Smart Speaker<\/strong>, es el nuevo\u00a0altavoz inteligente\u00a0de\u00a0<strong>Xiaomi\u00a0<\/strong>\u00a1Ahora el sonido es m\u00e1s inteligente que nunca! El\u00a0<strong>Mi Smart Speaker<\/strong>\u00a0se puede controlar por voz, y tambi\u00e9n funciona como\u00a0<em>Smart Control Hub<\/em>. Tiene sonido est\u00e9reo y, adem\u00e1s, un dise\u00f1o compacto y minimalista que encaja perfectamente en los muebles de cualquier hogar.<\/p>\n","protected":false},"featured_media":800,"comment_status":"open","ping_status":"closed","template":"","meta":{"_joinchat":[]},"product_brand":[],"product_cat":[124,42],"product_tag":[],"class_list":{"0":"post-799","1":"product","2":"type-product","3":"status-publish","4":"has-post-thumbnail","6":"product_cat-altavoces","7":"product_cat-perifericos","9":"first","10":"instock","11":"sale","12":"taxable","13":"shipping-taxable","14":"purchasable","15":"product-type-simple"},"jetpack_sharing_enabled":true,"_links":{"self":[{"href":"https:\/\/www.reparaexpress.es\/tienda\/wp-json\/wp\/v2\/product\/799","targetHints":{"allow":["GET"]}}],"collection":[{"href":"https:\/\/www.reparaexpress.es\/tienda\/wp-json\/wp\/v2\/product"}],"about":[{"href":"https:\/\/www.reparaexpress.es\/tienda\/wp-json\/wp\/v2\/types\/product"}],"replies":[{"embeddable":true,"href":"https:\/\/www.reparaexpress.es\/tienda\/wp-json\/wp\/v2\/comments?post=799"}],"wp:featuredmedia":[{"embeddable":true,"href":"https:\/\/www.reparaexpress.es\/tienda\/wp-json\/wp\/v2\/media\/800"}],"wp:attachment":[{"href":"https:\/\/www.reparaexpress.es\/tienda\/wp-json\/wp\/v2\/media?parent=799"}],"wp:term":[{"taxonomy":"product_brand","embeddable":true,"href":"https:\/\/www.reparaexpress.es\/tienda\/wp-json\/wp\/v2\/product_brand?post=799"},{"taxonomy":"product_cat","embeddable":true,"href":"https:\/\/www.reparaexpress.es\/tienda\/wp-json\/wp\/v2\/product_cat?post=799"},{"taxonomy":"product_tag","embeddable":true,"href":"https:\/\/www.reparaexpress.es\/tienda\/wp-json\/wp\/v2\/product_tag?post=799"}],"curies":[{"name":"wp","href":"https:\/\/api.w.org\/{rel}","templated":true}]}}