{"id":807,"date":"2022-07-21T09:17:31","date_gmt":"2022-07-21T09:17:31","guid":{"rendered":"https:\/\/www.reparaexpress.es\/tienda\/?post_type=product&#038;p=807"},"modified":"2022-07-21T09:19:43","modified_gmt":"2022-07-21T09:19:43","slug":"807","status":"publish","type":"product","link":"https:\/\/www.reparaexpress.es\/tienda\/producto\/807\/","title":{"rendered":"Bombilla \u2013 Lenovo Smart Bulb"},"content":{"rendered":"<h1 id=\"title\">Bombilla \u2013 Lenovo Smart Bulb, LED, RGB Color, Wifi<\/h1>\n<div id=\"title_description\" class=\"col-xs-12\">\n<div>\n<p>Con el producto Lenovo Smart Essential Bombilla Inteligente, conseguir\u00e1s un dispositivo moderno, creado para tus necesidades y que te alegrar\u00e1n la vida.<\/p>\n<h3>Controla la iluminaci\u00f3n<\/h3>\n<p>Gracias a su\u00a0<strong>tecnolog\u00eda innovadora<\/strong>, la bombilla de Lenovo te ofrece la posibilidad de\u00a0<strong>controlarla simplemente por voz<\/strong>. As\u00ed que si estas mirando una pel\u00edcula y la luz te molestar\u00e1, s\u00f3lo ordena que se apague y la luz desaparecer\u00e1. Adem\u00e1s para un control m\u00e1s eficiente, es necesario que descargues la<strong>\u00a0aplicaci\u00f3n Lenovo Link Mobile App .<\/strong><\/p>\n<h3>M\u00e1s de 16,8 millones de colores<\/h3>\n<p>Cuando se compra una bombilla, todos estamos pensando que la luz solo tiene un color. En este dispositivo tendr\u00e1s que elegir entre m\u00e1s de\u00a0<strong>16,8 millones de colores<\/strong>. As\u00ed que podr\u00e1s elegir el color\u00a0<strong>que m\u00e1s te gusta<\/strong>. Adem\u00e1s, esta bombilla te ofrece un\u00a0<strong>control remoto<\/strong>\u00a0y no tendr\u00e1s que preocuparte por si olvidaste la luz encendida. Pero esto no es todo, gracias a su innovadora tecnolog\u00eda, podr\u00e1s controlar la intensidad de la luz de\u00a0<strong>2700K<\/strong>\u00a0hasta\u00a0<strong>6500K<\/strong>\u00a0variando desde\u00a0<strong>colores c\u00e1lidos<\/strong>\u00a0como\u00a0<strong>amarillos<\/strong>\u00a0hasta colores\u00a0<strong>fr\u00edos<\/strong>\u00a0como el<strong>\u00a0azu<\/strong><\/p>\n<\/div>\n<\/div>\n","protected":false},"excerpt":{"rendered":"<p>Con el producto Lenovo Smart Essential Bombilla Inteligente, conseguir\u00e1s un dispositivo moderno, creado para tus necesidades y que te alegrar\u00e1n la vida.<\/p>\n<h3>Controla la iluminaci\u00f3n<\/h3>\n","protected":false},"featured_media":808,"comment_status":"open","ping_status":"closed","template":"","meta":{"_joinchat":[]},"product_brand":[],"product_cat":[126],"product_tag":[],"class_list":{"0":"post-807","1":"product","2":"type-product","3":"status-publish","4":"has-post-thumbnail","6":"product_cat-otras-cosas","8":"first","9":"instock","10":"sale","11":"taxable","12":"shipping-taxable","13":"purchasable","14":"product-type-simple"},"jetpack_sharing_enabled":true,"_links":{"self":[{"href":"https:\/\/www.reparaexpress.es\/tienda\/wp-json\/wp\/v2\/product\/807","targetHints":{"allow":["GET"]}}],"collection":[{"href":"https:\/\/www.reparaexpress.es\/tienda\/wp-json\/wp\/v2\/product"}],"about":[{"href":"https:\/\/www.reparaexpress.es\/tienda\/wp-json\/wp\/v2\/types\/product"}],"replies":[{"embeddable":true,"href":"https:\/\/www.reparaexpress.es\/tienda\/wp-json\/wp\/v2\/comments?post=807"}],"wp:featuredmedia":[{"embeddable":true,"href":"https:\/\/www.reparaexpress.es\/tienda\/wp-json\/wp\/v2\/media\/808"}],"wp:attachment":[{"href":"https:\/\/www.reparaexpress.es\/tienda\/wp-json\/wp\/v2\/media?parent=807"}],"wp:term":[{"taxonomy":"product_brand","embeddable":true,"href":"https:\/\/www.reparaexpress.es\/tienda\/wp-json\/wp\/v2\/product_brand?post=807"},{"taxonomy":"product_cat","embeddable":true,"href":"https:\/\/www.reparaexpress.es\/tienda\/wp-json\/wp\/v2\/product_cat?post=807"},{"taxonomy":"product_tag","embeddable":true,"href":"https:\/\/www.reparaexpress.es\/tienda\/wp-json\/wp\/v2\/product_tag?post=807"}],"curies":[{"name":"wp","href":"https:\/\/api.w.org\/{rel}","templated":true}]}}