{"id":82,"date":"2022-04-29T17:56:09","date_gmt":"2022-04-29T17:56:09","guid":{"rendered":"https:\/\/www.reparaexpress.es\/tienda\/?post_type=product&#038;p=82"},"modified":"2022-04-29T17:57:19","modified_gmt":"2022-04-29T17:57:19","slug":"cargador-smart-1usb-2-1a","status":"publish","type":"product","link":"https:\/\/www.reparaexpress.es\/tienda\/producto\/cargador-smart-1usb-2-1a\/","title":{"rendered":"Cargador Smart 1USB 2.1A"},"content":{"rendered":"<p style=\"margin-top: 0px; margin-bottom: 0.8rem; font-family: Tajawal, sans-serif; font-size: 16px; background-color: #ffffff;\">Smart Charger 2.1A 10W + Turbo Cable Lightning 1.2 metros<\/p>\n<p style=\"margin-top: 0px; margin-bottom: 0.8rem; font-family: Tajawal, sans-serif; font-size: 16px; background-color: #ffffff;\">Este cargador compacto\u00a0de 10W es ideal para viaje por su reducido tama\u00f1o y su r\u00e1pida y potente carga\u00a0de\u00a0todos los dispositivos ya sea para tu smartphone o tableta con entrada Lightning.<\/p>\n<p style=\"margin-top: 0px; margin-bottom: 0.8rem; font-family: Tajawal, sans-serif; font-size: 16px; background-color: #ffffff;\">Este cargador ha sido dise\u00f1ado y pensando principalmente para personas que viajen aunque tambi\u00e9n se es muy \u00fatil para cargar tu smartphone o tableta ya sea en casa o en la oficina.<\/p>\n<p style=\"margin-top: 0px; margin-bottom: 0.8rem; font-family: Tajawal, sans-serif; font-size: 16px; background-color: #ffffff;\">El kit incluye un turbo cable lightning\u00a0de\u00a0120 cent\u00edmetros\u00a0para una potente carga y sincronizaci\u00f3n\u00a0de datos de tu dispositivo.<\/p>\n<p style=\"margin-top: 0px; margin-bottom: 0.8rem; font-family: Tajawal, sans-serif; font-size: 16px; background-color: #ffffff;\">Su gran longitud permite el llegar a lugares alejados<\/p>\n","protected":false},"excerpt":{"rendered":"<p>Smart Charger 2.1A 10W + Turbo Cable Lightning 1.2 metros<\/p>\n","protected":false},"featured_media":86,"comment_status":"open","ping_status":"closed","template":"","meta":{"_joinchat":[]},"product_brand":[],"product_cat":[19,20],"product_tag":[25,23,24],"class_list":{"0":"post-82","1":"product","2":"type-product","3":"status-publish","4":"has-post-thumbnail","6":"product_cat-cargadores","7":"product_cat-cargadores-moviles","8":"product_tag-cable-cargador","9":"product_tag-cargador","10":"product_tag-moviles","12":"first","13":"instock","14":"taxable","15":"shipping-taxable","16":"purchasable","17":"product-type-simple"},"jetpack_sharing_enabled":true,"_links":{"self":[{"href":"https:\/\/www.reparaexpress.es\/tienda\/wp-json\/wp\/v2\/product\/82","targetHints":{"allow":["GET"]}}],"collection":[{"href":"https:\/\/www.reparaexpress.es\/tienda\/wp-json\/wp\/v2\/product"}],"about":[{"href":"https:\/\/www.reparaexpress.es\/tienda\/wp-json\/wp\/v2\/types\/product"}],"replies":[{"embeddable":true,"href":"https:\/\/www.reparaexpress.es\/tienda\/wp-json\/wp\/v2\/comments?post=82"}],"wp:featuredmedia":[{"embeddable":true,"href":"https:\/\/www.reparaexpress.es\/tienda\/wp-json\/wp\/v2\/media\/86"}],"wp:attachment":[{"href":"https:\/\/www.reparaexpress.es\/tienda\/wp-json\/wp\/v2\/media?parent=82"}],"wp:term":[{"taxonomy":"product_brand","embeddable":true,"href":"https:\/\/www.reparaexpress.es\/tienda\/wp-json\/wp\/v2\/product_brand?post=82"},{"taxonomy":"product_cat","embeddable":true,"href":"https:\/\/www.reparaexpress.es\/tienda\/wp-json\/wp\/v2\/product_cat?post=82"},{"taxonomy":"product_tag","embeddable":true,"href":"https:\/\/www.reparaexpress.es\/tienda\/wp-json\/wp\/v2\/product_tag?post=82"}],"curies":[{"name":"wp","href":"https:\/\/api.w.org\/{rel}","templated":true}]}}